{"id":5452,"date":"2021-09-29T21:58:19","date_gmt":"2021-09-29T21:58:19","guid":{"rendered":"https:\/\/todosconsulting.com\/beratung-fur-junge-unternehmen\/"},"modified":"2023-12-22T16:22:31","modified_gmt":"2023-12-22T16:22:31","slug":"beratung-fur-junge-unternehmen","status":"publish","type":"page","link":"https:\/\/todosconsulting.com\/de\/beratung-fur-junge-unternehmen\/","title":{"rendered":"BERATUNG F\u00dcR JUNGE UNTERNEHMEN"},"content":{"rendered":"<p>[et_pb_section fb_built=&#8220;1&#8243; _builder_version=&#8220;4.16&#8243; _module_preset=&#8220;default&#8220; custom_margin=&#8220;||||false|false&#8220; custom_padding=&#8220;100px||100px||false|false&#8220; global_colors_info=&#8220;{}&#8220;][et_pb_row disabled_on=&#8220;on|on|off&#8220; _builder_version=&#8220;4.16&#8243; _module_preset=&#8220;default&#8220; width=&#8220;100%&#8220; max_width=&#8220;none&#8220; global_colors_info=&#8220;{}&#8220;][et_pb_column type=&#8220;4_4&#8243; _builder_version=&#8220;4.16&#8243; _module_preset=&#8220;default&#8220; global_colors_info=&#8220;{}&#8220;][et_pb_text _builder_version=&#8220;4.23.2&#8243; _module_preset=&#8220;default&#8220; header_2_font=&#8220;Montserrat|700|||||||&#8220; header_2_text_align=&#8220;center&#8220; header_2_text_color=&#8220;#565656&#8243; header_2_font_size=&#8220;48px&#8220; header_2_line_height=&#8220;48px&#8220; custom_margin=&#8220;||0px||false|false&#8220; global_colors_info=&#8220;{}&#8220;]<\/p>\n<h2>BERATUNG F\u00dcR <span class=\"text-gradient\">JUNGE UNTERNEHMEN<\/span><\/h2>\n<p>[\/et_pb_text][et_pb_text _builder_version=&#8220;4.16&#8243; _module_preset=&#8220;default&#8220; text_font=&#8220;Montserrat||||||||&#8220; text_text_color=&#8220;#565656&#8243; text_font_size=&#8220;16px&#8220; text_line_height=&#8220;20px&#8220; text_orientation=&#8220;center&#8220; global_colors_info=&#8220;{}&#8220;]<\/p>\n<p>Beginnen Sie, sich von der fr\u00fchesten Stufe an um die Bed\u00fcrfnisse Ihrer Kunden zu k\u00fcmmern.<br \/> Wir k\u00f6nnen Ihnen helfen, die Kundenbetreuungsfunktionen aufzubauen, die Ihnen die soliden Grundlagen geben, die Sie ben\u00f6tigen, um Ihr Unternehmen auf den neuesten Stand zu bringen.<\/p>\n<p>[\/et_pb_text][\/et_pb_column][\/et_pb_row][et_pb_row custom_padding_last_edited=&#8220;on|phone&#8220; disabled_on=&#8220;off|off|on&#8220; _builder_version=&#8220;4.16&#8243; _module_preset=&#8220;default&#8220; width=&#8220;90%&#8220; width_tablet=&#8220;90%&#8220; width_phone=&#8220;100%&#8220; width_last_edited=&#8220;on|phone&#8220; max_width=&#8220;none&#8220; custom_padding_tablet=&#8220;&#8220; custom_padding_phone=&#8220;|30px||30px|false|true&#8220; global_colors_info=&#8220;{}&#8220;][et_pb_column type=&#8220;4_4&#8243; _builder_version=&#8220;4.16&#8243; _module_preset=&#8220;default&#8220; global_colors_info=&#8220;{}&#8220;][et_pb_text _builder_version=&#8220;4.23.2&#8243; _module_preset=&#8220;default&#8220; header_2_font=&#8220;Montserrat|700|||||||&#8220; header_2_text_align=&#8220;center&#8220; header_2_text_color=&#8220;#565656&#8243; header_2_font_size=&#8220;36px&#8220; header_2_line_height=&#8220;36px&#8220; custom_margin=&#8220;||0px||false|false&#8220; global_colors_info=&#8220;{}&#8220;]<\/p>\n<h2>BERATUNG F\u00dcR <span class=\"text-gradient\">JUNGE UNTERNEHMEN<\/span><\/h2>\n<p>[\/et_pb_text][et_pb_text _builder_version=&#8220;4.16&#8243; _module_preset=&#8220;default&#8220; text_font=&#8220;Montserrat||||||||&#8220; text_text_color=&#8220;#565656&#8243; text_font_size=&#8220;16px&#8220; text_line_height=&#8220;20px&#8220; text_orientation=&#8220;center&#8220; global_colors_info=&#8220;{}&#8220;]<\/p>\n<p>Beginnen Sie, sich von der fr\u00fchesten Stufe an um die Bed\u00fcrfnisse Ihrer Kunden zu k\u00fcmmern. Wir k\u00f6nnen Ihnen helfen, die Kundenbetreuungsfunktionen aufzubauen, die Ihnen die soliden Grundlagen geben, die Sie ben\u00f6tigen, um Ihr Unternehmen auf den neuesten Stand zu bringen.<\/p>\n<p>[\/et_pb_text][\/et_pb_column][\/et_pb_row][et_pb_row _builder_version=&#8220;4.16&#8243; _module_preset=&#8220;default&#8220; width=&#8220;100%&#8220; max_width=&#8220;none&#8220; global_colors_info=&#8220;{}&#8220;][et_pb_column type=&#8220;4_4&#8243; _builder_version=&#8220;4.16&#8243; _module_preset=&#8220;default&#8220; global_colors_info=&#8220;{}&#8220;][et_pb_image title_text=&#8220;Rectangle 24&#8243; align=&#8220;center&#8220; force_fullwidth=&#8220;on&#8220; _builder_version=&#8220;4.23.2&#8243; _module_preset=&#8220;default&#8220; use_background_color_gradient=&#8220;on&#8220; background_color_gradient_direction=&#8220;90deg&#8220; background_color_gradient_stops=&#8220;rgba(30,171,226,0.4) 0%|rgba(42,54,82,0.4) 100%&#8220; hover_enabled=&#8220;0&#8243; global_colors_info=&#8220;{}&#8220; src=&#8220;https:\/\/todosconsulting.com\/wp-content\/uploads\/2021\/09\/Rectangle-24.png&#8220; sticky_enabled=&#8220;0&#8243;][\/et_pb_image][et_pb_image src=&#8220;http:\/\/todosconsulting.com\/wp-content\/uploads\/2021\/09\/single-service-post-image.jpg&#8220; title_text=&#8220;single-service-post-image&#8220; align=&#8220;center&#8220; _builder_version=&#8220;4.16&#8243; _module_preset=&#8220;default&#8220; positioning=&#8220;absolute&#8220; position_origin_a=&#8220;top_center&#8220; z_index=&#8220;-1&#8243; width=&#8220;100%&#8220; global_colors_info=&#8220;{}&#8220;][\/et_pb_image][\/et_pb_column][\/et_pb_row][et_pb_row column_structure=&#8220;2_5,3_5&#8243; use_custom_gutter=&#8220;on&#8220; gutter_width=&#8220;1&#8243; custom_padding_last_edited=&#8220;on|phone&#8220; _builder_version=&#8220;4.16&#8243; _module_preset=&#8220;default&#8220; width=&#8220;50%&#8220; width_tablet=&#8220;90%&#8220; width_phone=&#8220;100%&#8220; width_last_edited=&#8220;on|phone&#8220; max_width=&#8220;none&#8220; custom_margin=&#8220;|auto|40px|auto||&#8220; custom_padding_tablet=&#8220;&#8220; custom_padding_phone=&#8220;|30px||30px|false|true&#8220; global_colors_info=&#8220;{}&#8220;][et_pb_column type=&#8220;2_5&#8243; _builder_version=&#8220;4.16&#8243; _module_preset=&#8220;default&#8220; global_colors_info=&#8220;{}&#8220;][et_pb_text _builder_version=&#8220;4.16&#8243; _module_preset=&#8220;default&#8220; text_font=&#8220;Montserrat|600|||||||&#8220; text_text_color=&#8220;#565656&#8243; text_font_size=&#8220;18px&#8220; text_line_height=&#8220;22px&#8220; width_last_edited=&#8220;off|desktop&#8220; custom_margin=&#8220;10px||||false|false&#8220; custom_css_main_element=&#8220;width: 10ch;&#8220; global_colors_info=&#8220;{}&#8220; custom_css_main_element_last_edited=&#8220;on|phone&#8220; custom_css_main_element_tablet=&#8220;width: 100%;&#8220; custom_css_main_element_phone=&#8220;width: 100%;&#8220;]<\/p>\n<p>Kundenerfahrung<\/p>\n<p>[\/et_pb_text][\/et_pb_column][et_pb_column type=&#8220;3_5&#8243; _builder_version=&#8220;4.16&#8243; _module_preset=&#8220;default&#8220; global_colors_info=&#8220;{}&#8220;][et_pb_text _builder_version=&#8220;4.16&#8243; _module_preset=&#8220;default&#8220; text_font=&#8220;Montserrat||||||||&#8220; text_text_color=&#8220;#565656&#8243; text_font_size=&#8220;16px&#8220; text_line_height=&#8220;20px&#8220; custom_margin=&#8220;10px||||false|false&#8220; global_colors_info=&#8220;{}&#8220;]<\/p>\n<p>Gehen Sie \u00fcber den Kundenservice hinaus und bringen Sie die Kundenbetreuung in Ihr Unternehmen. Lassen Sie sich von uns dar\u00fcber informieren, wie dies den Verlauf ver\u00e4ndern wird, wie Ihre Kunden die Vorteile Ihres treuen Kunden erleben. Am Ende geht es nicht darum, &#8222;das Telefon zu beantworten&#8220;, es geht darum, den Interaktionen einen Mehrwert zu bringen!<\/p>\n<p>[\/et_pb_text][\/et_pb_column][\/et_pb_row][et_pb_row column_structure=&#8220;2_5,3_5&#8243; use_custom_gutter=&#8220;on&#8220; gutter_width=&#8220;1&#8243; custom_padding_last_edited=&#8220;on|phone&#8220; _builder_version=&#8220;4.16&#8243; _module_preset=&#8220;default&#8220; width=&#8220;50%&#8220; width_tablet=&#8220;90%&#8220; width_phone=&#8220;100%&#8220; width_last_edited=&#8220;on|phone&#8220; max_width=&#8220;none&#8220; custom_margin=&#8220;|auto|40px|auto||&#8220; custom_padding_tablet=&#8220;&#8220; custom_padding_phone=&#8220;|30px||30px|false|true&#8220; global_colors_info=&#8220;{}&#8220;][et_pb_column type=&#8220;2_5&#8243; _builder_version=&#8220;4.16&#8243; _module_preset=&#8220;default&#8220; global_colors_info=&#8220;{}&#8220;][et_pb_text _builder_version=&#8220;4.16&#8243; _module_preset=&#8220;default&#8220; text_font=&#8220;Montserrat|600|||||||&#8220; text_text_color=&#8220;#565656&#8243; text_font_size=&#8220;18px&#8220; text_line_height=&#8220;22px&#8220; custom_margin=&#8220;10px||||false|false&#8220; custom_css_main_element=&#8220;width: 12ch;&#8220; global_colors_info=&#8220;{}&#8220; custom_css_main_element_last_edited=&#8220;on|phone&#8220; custom_css_main_element_tablet=&#8220;width: 100%&#8220; custom_css_main_element_phone=&#8220;width: 100%&#8220;]<\/p>\n<p>Personalmanagement<\/p>\n<p>[\/et_pb_text][\/et_pb_column][et_pb_column type=&#8220;3_5&#8243; _builder_version=&#8220;4.16&#8243; _module_preset=&#8220;default&#8220; global_colors_info=&#8220;{}&#8220;][et_pb_text _builder_version=&#8220;4.16&#8243; _module_preset=&#8220;default&#8220; text_font=&#8220;Montserrat||||||||&#8220; text_text_color=&#8220;#565656&#8243; text_font_size=&#8220;16px&#8220; text_line_height=&#8220;20px&#8220; custom_margin=&#8220;10px||||false|false&#8220; global_colors_info=&#8220;{}&#8220;]<\/p>\n<p>Unsere Pflegeagenten sind die Belegschaft, die Sie brauchen. Wir glauben, dass hinter jedem erfolgreichen Unternehmen eine Gruppe von Kundendienst-Evangelisten stehen sollte, die nicht nur ans Telefon gehen. Wir bringen Ihnen Menschen mit verschiedenen Erfahrungen, Sprachen und Kenntnissen mit einer Mission &#8230;. sich um Ihr Unternehmen und Ihre Kunden zu k\u00fcmmern.<\/p>\n<p>[\/et_pb_text][\/et_pb_column][\/et_pb_row][et_pb_row column_structure=&#8220;2_5,3_5&#8243; use_custom_gutter=&#8220;on&#8220; gutter_width=&#8220;1&#8243; custom_padding_last_edited=&#8220;on|phone&#8220; _builder_version=&#8220;4.16&#8243; _module_preset=&#8220;default&#8220; width=&#8220;50%&#8220; width_tablet=&#8220;90%&#8220; width_phone=&#8220;100%&#8220; width_last_edited=&#8220;on|tablet&#8220; max_width=&#8220;none&#8220; custom_margin=&#8220;|auto|40px|auto||&#8220; custom_padding_tablet=&#8220;&#8220; custom_padding_phone=&#8220;|30px||30px|false|true&#8220; global_colors_info=&#8220;{}&#8220;][et_pb_column type=&#8220;2_5&#8243; _builder_version=&#8220;4.16&#8243; _module_preset=&#8220;default&#8220; global_colors_info=&#8220;{}&#8220;][et_pb_text _builder_version=&#8220;4.16&#8243; _module_preset=&#8220;default&#8220; text_font=&#8220;Montserrat|600|||||||&#8220; text_text_color=&#8220;#565656&#8243; text_font_size=&#8220;18px&#8220; text_line_height=&#8220;22px&#8220; custom_margin=&#8220;10px||||false|false&#8220; custom_css_main_element=&#8220;width: 12ch;&#8220; global_colors_info=&#8220;{}&#8220; custom_css_main_element_last_edited=&#8220;on|tablet&#8220; custom_css_main_element_tablet=&#8220;width: 100%;&#8220; custom_css_main_element_phone=&#8220;width: 100%;&#8220;]<\/p>\n<p>Prozessoptimierung<\/p>\n<p>[\/et_pb_text][\/et_pb_column][et_pb_column type=&#8220;3_5&#8243; _builder_version=&#8220;4.16&#8243; _module_preset=&#8220;default&#8220; global_colors_info=&#8220;{}&#8220;][et_pb_text _builder_version=&#8220;4.16&#8243; _module_preset=&#8220;default&#8220; text_font=&#8220;Montserrat||||||||&#8220; text_text_color=&#8220;#565656&#8243; text_font_size=&#8220;16px&#8220; text_line_height=&#8220;20px&#8220; custom_margin=&#8220;10px||||false|false&#8220; global_colors_info=&#8220;{}&#8220;]<\/p>\n<p>Lassen Sie den Prozess des Gesch\u00e4ftswachstums steigen und nicht nur. Wenn Sie der Meinung sind, dass Ihr Unternehmen nicht der gew\u00fcnschten Geschwindigkeit entspricht, z\u00f6gern Sie nicht lang, um zu erfahren, wie Sie Ihren Betrieb optimieren k\u00f6nnen, um Spitzenleistungen zu erzielen.<\/p>\n<p>[\/et_pb_text][\/et_pb_column][\/et_pb_row][et_pb_row column_structure=&#8220;2_5,3_5&#8243; use_custom_gutter=&#8220;on&#8220; gutter_width=&#8220;1&#8243; custom_padding_last_edited=&#8220;on|phone&#8220; _builder_version=&#8220;4.16&#8243; _module_preset=&#8220;default&#8220; width=&#8220;50%&#8220; width_tablet=&#8220;90%&#8220; width_phone=&#8220;100%&#8220; width_last_edited=&#8220;on|phone&#8220; max_width=&#8220;none&#8220; custom_margin=&#8220;|auto|80px|auto||&#8220; custom_padding_tablet=&#8220;&#8220; custom_padding_phone=&#8220;|30px||30px|false|true&#8220; global_colors_info=&#8220;{}&#8220;][et_pb_column type=&#8220;2_5&#8243; _builder_version=&#8220;4.16&#8243; _module_preset=&#8220;default&#8220; global_colors_info=&#8220;{}&#8220;][et_pb_text _builder_version=&#8220;4.16&#8243; _module_preset=&#8220;default&#8220; text_font=&#8220;Montserrat|600|||||||&#8220; text_text_color=&#8220;#565656&#8243; text_font_size=&#8220;18px&#8220; text_line_height=&#8220;22px&#8220; custom_margin=&#8220;10px||||false|false&#8220; custom_css_main_element=&#8220;width: 12ch;&#8220; global_colors_info=&#8220;{}&#8220; custom_css_main_element_last_edited=&#8220;on|tablet&#8220; custom_css_main_element_tablet=&#8220;width: 100%;&#8220; custom_css_main_element_phone=&#8220;width: 100%;&#8220;]<\/p>\n<p>Innovation und Technologie<\/p>\n<p>[\/et_pb_text][\/et_pb_column][et_pb_column type=&#8220;3_5&#8243; _builder_version=&#8220;4.16&#8243; _module_preset=&#8220;default&#8220; global_colors_info=&#8220;{}&#8220;][et_pb_text _builder_version=&#8220;4.16&#8243; _module_preset=&#8220;default&#8220; text_font=&#8220;Montserrat||||||||&#8220; text_text_color=&#8220;#565656&#8243; text_font_size=&#8220;16px&#8220; text_line_height=&#8220;20px&#8220; custom_margin=&#8220;10px||||false|false&#8220; global_colors_info=&#8220;{}&#8220;]<\/p>\n<p>Sind Sie mit der modernen Art der Kundeninteraktionen auf dem neuesten Stand? Soziale Medien dienen nicht nur der F\u00f6rderung Ihres Unternehmens, sie k\u00f6nnen zum Kanal werden, um mit Ihren Kunden zu interagieren, Leads zu generieren und vieles mehr.<\/p>\n<p>[\/et_pb_text][\/et_pb_column][\/et_pb_row][et_pb_row custom_padding_last_edited=&#8220;on|phone&#8220; _builder_version=&#8220;4.16&#8243; _module_preset=&#8220;default&#8220; width=&#8220;100%&#8220; max_width=&#8220;none&#8220; custom_padding_tablet=&#8220;&#8220; custom_padding_phone=&#8220;|30px||30px|false|true&#8220; global_colors_info=&#8220;{}&#8220;][et_pb_column type=&#8220;4_4&#8243; _builder_version=&#8220;4.16&#8243; _module_preset=&#8220;default&#8220; global_colors_info=&#8220;{}&#8220;][et_pb_text _builder_version=&#8220;4.16&#8243; _module_preset=&#8220;default&#8220; header_2_font=&#8220;Montserrat|700|||||||&#8220; header_2_text_align=&#8220;center&#8220; header_2_text_color=&#8220;#565656&#8243; header_2_font_size=&#8220;36px&#8220; header_2_line_height=&#8220;44px&#8220; custom_margin=&#8220;||20px||false|false&#8220; global_colors_info=&#8220;{}&#8220;]<\/p>\n<h2><span class=\"text-gradient\">KLINGT<\/span> DAS OBEN <span class=\"text-gradient\">VERTRAUT?<\/span><\/h2>\n<p>[\/et_pb_text][et_pb_button button_text=&#8220;SAGEN SIE UNS, WIE WIR IHNEN HELFEN K\u00d6NNEN&#8220; button_alignment=&#8220;center&#8220; _builder_version=&#8220;4.23.2&#8243; _module_preset=&#8220;default&#8220; custom_button=&#8220;on&#8220; button_text_size=&#8220;14px&#8220; button_text_color=&#8220;#FFFFFF&#8220; button_bg_color=&#8220;gcid-659082c7-a9ad-48f1-9dbb-8b65aec7771f&#8220; button_border_width=&#8220;0px&#8220; button_border_radius=&#8220;0px&#8220; button_letter_spacing=&#8220;1px&#8220; button_font=&#8220;Montserrat|600|||||||&#8220; button_use_icon=&#8220;off&#8220; custom_padding=&#8220;15px|40px|15px|40px|true|true&#8220; global_colors_info=&#8220;{%22gcid-659082c7-a9ad-48f1-9dbb-8b65aec7771f%22:%91%22button_bg_color%22%93}&#8220; custom_css_main_element_last_edited=&#8220;on|phone&#8220; custom_css_main_element_phone=&#8220;width: 100%;&#8220;][\/et_pb_button][\/et_pb_column][\/et_pb_row][\/et_pb_section]<\/p>\n","protected":false},"excerpt":{"rendered":"<p>BERATUNG F\u00dcR JUNGE UNTERNEHMENBeginnen Sie, sich von der fr\u00fchesten Stufe an um die Bed\u00fcrfnisse Ihrer Kunden zu k\u00fcmmern. Wir k\u00f6nnen Ihnen helfen, die Kundenbetreuungsfunktionen aufzubauen, die Ihnen die soliden Grundlagen geben, die Sie ben\u00f6tigen, um Ihr Unternehmen auf den neuesten Stand zu bringen.BERATUNG F\u00dcR JUNGE UNTERNEHMENBeginnen Sie, sich von der fr\u00fchesten Stufe an um die [&hellip;]<\/p>\n","protected":false},"author":4,"featured_media":0,"parent":0,"menu_order":0,"comment_status":"closed","ping_status":"closed","template":"","meta":{"_et_pb_use_builder":"on","_et_pb_old_content":"","_et_gb_content_width":"","footnotes":""},"class_list":["post-5452","page","type-page","status-publish","hentry"],"yoast_head":"<!-- This site is optimized with the Yoast SEO plugin v24.9 - https:\/\/yoast.com\/wordpress\/plugins\/seo\/ -->\n<title>BERATUNG F\u00dcR JUNGE UNTERNEHMEN - Todos Consulting<\/title>\n<meta name=\"robots\" content=\"index, follow, max-snippet:-1, max-image-preview:large, max-video-preview:-1\" \/>\n<link rel=\"canonical\" href=\"https:\/\/todosconsulting.com\/de\/beratung-fur-junge-unternehmen\/\" \/>\n<meta property=\"og:locale\" content=\"de_DE\" \/>\n<meta property=\"og:type\" content=\"article\" \/>\n<meta property=\"og:title\" content=\"BERATUNG F\u00dcR JUNGE UNTERNEHMEN - Todos Consulting\" \/>\n<meta property=\"og:description\" content=\"BERATUNG F\u00dcR JUNGE UNTERNEHMENBeginnen Sie, sich von der fr\u00fchesten Stufe an um die Bed\u00fcrfnisse Ihrer Kunden zu k\u00fcmmern. Wir k\u00f6nnen Ihnen helfen, die Kundenbetreuungsfunktionen aufzubauen, die Ihnen die soliden Grundlagen geben, die Sie ben\u00f6tigen, um Ihr Unternehmen auf den neuesten Stand zu bringen.BERATUNG F\u00dcR JUNGE UNTERNEHMENBeginnen Sie, sich von der fr\u00fchesten Stufe an um die [&hellip;]\" \/>\n<meta property=\"og:url\" content=\"https:\/\/todosconsulting.com\/de\/beratung-fur-junge-unternehmen\/\" \/>\n<meta property=\"og:site_name\" content=\"Todos Consulting\" \/>\n<meta property=\"article:modified_time\" content=\"2023-12-22T16:22:31+00:00\" \/>\n<meta name=\"twitter:card\" content=\"summary_large_image\" \/>\n<meta name=\"twitter:label1\" content=\"Gesch\u00e4tzte Lesezeit\" \/>\n\t<meta name=\"twitter:data1\" content=\"8\u00a0Minuten\" \/>\n<script type=\"application\/ld+json\" class=\"yoast-schema-graph\">{\"@context\":\"https:\/\/schema.org\",\"@graph\":[{\"@type\":\"WebPage\",\"@id\":\"https:\/\/todosconsulting.com\/de\/beratung-fur-junge-unternehmen\/\",\"url\":\"https:\/\/todosconsulting.com\/de\/beratung-fur-junge-unternehmen\/\",\"name\":\"BERATUNG F\u00dcR JUNGE UNTERNEHMEN - Todos Consulting\",\"isPartOf\":{\"@id\":\"https:\/\/todosconsulting.com\/de\/#website\"},\"datePublished\":\"2021-09-29T21:58:19+00:00\",\"dateModified\":\"2023-12-22T16:22:31+00:00\",\"breadcrumb\":{\"@id\":\"https:\/\/todosconsulting.com\/de\/beratung-fur-junge-unternehmen\/#breadcrumb\"},\"inLanguage\":\"de\",\"potentialAction\":[{\"@type\":\"ReadAction\",\"target\":[\"https:\/\/todosconsulting.com\/de\/beratung-fur-junge-unternehmen\/\"]}]},{\"@type\":\"BreadcrumbList\",\"@id\":\"https:\/\/todosconsulting.com\/de\/beratung-fur-junge-unternehmen\/#breadcrumb\",\"itemListElement\":[{\"@type\":\"ListItem\",\"position\":1,\"name\":\"Home\",\"item\":\"https:\/\/todosconsulting.com\/de\/\"},{\"@type\":\"ListItem\",\"position\":2,\"name\":\"BERATUNG F\u00dcR JUNGE UNTERNEHMEN\"}]},{\"@type\":\"WebSite\",\"@id\":\"https:\/\/todosconsulting.com\/de\/#website\",\"url\":\"https:\/\/todosconsulting.com\/de\/\",\"name\":\"Todos Consulting\",\"description\":\"Website Description\",\"potentialAction\":[{\"@type\":\"SearchAction\",\"target\":{\"@type\":\"EntryPoint\",\"urlTemplate\":\"https:\/\/todosconsulting.com\/de\/?s={search_term_string}\"},\"query-input\":{\"@type\":\"PropertyValueSpecification\",\"valueRequired\":true,\"valueName\":\"search_term_string\"}}],\"inLanguage\":\"de\"}]}<\/script>\n<!-- \/ Yoast SEO plugin. -->","yoast_head_json":{"title":"BERATUNG F\u00dcR JUNGE UNTERNEHMEN - Todos Consulting","robots":{"index":"index","follow":"follow","max-snippet":"max-snippet:-1","max-image-preview":"max-image-preview:large","max-video-preview":"max-video-preview:-1"},"canonical":"https:\/\/todosconsulting.com\/de\/beratung-fur-junge-unternehmen\/","og_locale":"de_DE","og_type":"article","og_title":"BERATUNG F\u00dcR JUNGE UNTERNEHMEN - Todos Consulting","og_description":"BERATUNG F\u00dcR JUNGE UNTERNEHMENBeginnen Sie, sich von der fr\u00fchesten Stufe an um die Bed\u00fcrfnisse Ihrer Kunden zu k\u00fcmmern. Wir k\u00f6nnen Ihnen helfen, die Kundenbetreuungsfunktionen aufzubauen, die Ihnen die soliden Grundlagen geben, die Sie ben\u00f6tigen, um Ihr Unternehmen auf den neuesten Stand zu bringen.BERATUNG F\u00dcR JUNGE UNTERNEHMENBeginnen Sie, sich von der fr\u00fchesten Stufe an um die [&hellip;]","og_url":"https:\/\/todosconsulting.com\/de\/beratung-fur-junge-unternehmen\/","og_site_name":"Todos Consulting","article_modified_time":"2023-12-22T16:22:31+00:00","twitter_card":"summary_large_image","twitter_misc":{"Gesch\u00e4tzte Lesezeit":"8\u00a0Minuten"},"schema":{"@context":"https:\/\/schema.org","@graph":[{"@type":"WebPage","@id":"https:\/\/todosconsulting.com\/de\/beratung-fur-junge-unternehmen\/","url":"https:\/\/todosconsulting.com\/de\/beratung-fur-junge-unternehmen\/","name":"BERATUNG F\u00dcR JUNGE UNTERNEHMEN - Todos Consulting","isPartOf":{"@id":"https:\/\/todosconsulting.com\/de\/#website"},"datePublished":"2021-09-29T21:58:19+00:00","dateModified":"2023-12-22T16:22:31+00:00","breadcrumb":{"@id":"https:\/\/todosconsulting.com\/de\/beratung-fur-junge-unternehmen\/#breadcrumb"},"inLanguage":"de","potentialAction":[{"@type":"ReadAction","target":["https:\/\/todosconsulting.com\/de\/beratung-fur-junge-unternehmen\/"]}]},{"@type":"BreadcrumbList","@id":"https:\/\/todosconsulting.com\/de\/beratung-fur-junge-unternehmen\/#breadcrumb","itemListElement":[{"@type":"ListItem","position":1,"name":"Home","item":"https:\/\/todosconsulting.com\/de\/"},{"@type":"ListItem","position":2,"name":"BERATUNG F\u00dcR JUNGE UNTERNEHMEN"}]},{"@type":"WebSite","@id":"https:\/\/todosconsulting.com\/de\/#website","url":"https:\/\/todosconsulting.com\/de\/","name":"Todos Consulting","description":"Website Description","potentialAction":[{"@type":"SearchAction","target":{"@type":"EntryPoint","urlTemplate":"https:\/\/todosconsulting.com\/de\/?s={search_term_string}"},"query-input":{"@type":"PropertyValueSpecification","valueRequired":true,"valueName":"search_term_string"}}],"inLanguage":"de"}]}},"_links":{"self":[{"href":"https:\/\/todosconsulting.com\/de\/wp-json\/wp\/v2\/pages\/5452","targetHints":{"allow":["GET"]}}],"collection":[{"href":"https:\/\/todosconsulting.com\/de\/wp-json\/wp\/v2\/pages"}],"about":[{"href":"https:\/\/todosconsulting.com\/de\/wp-json\/wp\/v2\/types\/page"}],"author":[{"embeddable":true,"href":"https:\/\/todosconsulting.com\/de\/wp-json\/wp\/v2\/users\/4"}],"replies":[{"embeddable":true,"href":"https:\/\/todosconsulting.com\/de\/wp-json\/wp\/v2\/comments?post=5452"}],"version-history":[{"count":8,"href":"https:\/\/todosconsulting.com\/de\/wp-json\/wp\/v2\/pages\/5452\/revisions"}],"predecessor-version":[{"id":5460,"href":"https:\/\/todosconsulting.com\/de\/wp-json\/wp\/v2\/pages\/5452\/revisions\/5460"}],"wp:attachment":[{"href":"https:\/\/todosconsulting.com\/de\/wp-json\/wp\/v2\/media?parent=5452"}],"curies":[{"name":"wp","href":"https:\/\/api.w.org\/{rel}","templated":true}]}}