{"id":5377,"date":"2021-10-04T10:45:07","date_gmt":"2021-10-04T10:45:07","guid":{"rendered":"https:\/\/todosconsulting.com\/beratungsloesungen-2\/"},"modified":"2023-12-22T16:00:08","modified_gmt":"2023-12-22T16:00:08","slug":"geschaftspflegedienstleistungen","status":"publish","type":"page","link":"https:\/\/todosconsulting.com\/de\/geschaftspflegedienstleistungen\/","title":{"rendered":"GESCH\u00c4FTSPFLEGEDIENSTLEISTUNGEN"},"content":{"rendered":"<p>[et_pb_section fb_built=&#8220;1&#8243; _builder_version=&#8220;4.16&#8243; _module_preset=&#8220;default&#8220; custom_padding=&#8220;140px||||false|false&#8220; global_colors_info=&#8220;{}&#8220;][et_pb_row column_structure=&#8220;1_3,2_3&#8243; custom_padding_last_edited=&#8220;on|phone&#8220; _builder_version=&#8220;4.16&#8243; _module_preset=&#8220;default&#8220; width=&#8220;100%&#8220; width_tablet=&#8220;90%&#8220; width_phone=&#8220;100%&#8220; width_last_edited=&#8220;on|phone&#8220; max_width=&#8220;none&#8220; custom_padding=&#8220;0px|||||&#8220; custom_padding_tablet=&#8220;&#8220; custom_padding_phone=&#8220;|30px||30px|false|true&#8220; global_colors_info=&#8220;{}&#8220;][et_pb_column type=&#8220;1_3&#8243; disabled_on=&#8220;on|on|off&#8220; _builder_version=&#8220;4.16&#8243; _module_preset=&#8220;default&#8220; global_colors_info=&#8220;{}&#8220;][et_pb_text _builder_version=&#8220;4.23.2&#8243; _module_preset=&#8220;default&#8220; use_background_color_gradient=&#8220;on&#8220; background_color_gradient_direction=&#8220;90deg&#8220; background_color_gradient_stops=&#8220;rgba(30,171,226,0.4) 0%|rgba(42,54,82,0.4) 100%&#8220; background_color_gradient_overlays_image=&#8220;on&#8220; background_color_gradient_start=&#8220;rgba(102,173,219,0.4)&#8220; background_color_gradient_end=&#8220;rgba(140,213,203,0.4)&#8220; background_image=&#8220;http:\/\/todosconsulting.com\/wp-content\/uploads\/2021\/10\/business-care-s-300&#215;255.jpg&#8220; background_position=&#8220;center_right&#8220; height=&#8220;70vh&#8220; hover_enabled=&#8220;0&#8243; global_colors_info=&#8220;{}&#8220; sticky_enabled=&#8220;0&#8243;][\/et_pb_text][\/et_pb_column][et_pb_column type=&#8220;2_3&#8243; _builder_version=&#8220;4.16&#8243; _module_preset=&#8220;default&#8220; global_colors_info=&#8220;{}&#8220;][et_pb_text _builder_version=&#8220;4.16&#8243; _module_preset=&#8220;default&#8220; header_2_font=&#8220;Montserrat|700|||||||&#8220; header_2_text_align=&#8220;left&#8220; header_2_text_color=&#8220;#363636&#8243; header_2_font_size=&#8220;48px&#8220; header_2_line_height=&#8220;48px&#8220; custom_margin=&#8220;||0px||false|false&#8220; header_2_font_size_tablet=&#8220;36px&#8220; header_2_font_size_phone=&#8220;36px&#8220; header_2_font_size_last_edited=&#8220;on|phone&#8220; header_2_line_height_tablet=&#8220;36px&#8220; header_2_line_height_phone=&#8220;&#8220; header_2_line_height_last_edited=&#8220;on|tablet&#8220; global_colors_info=&#8220;{}&#8220;]<\/p>\n<h2>GESCH\u00c4FTSPFLEGEDIENSTLEISTUNGEN<\/h2>\n<p>[\/et_pb_text][et_pb_text _builder_version=&#8220;4.16&#8243; _module_preset=&#8220;default&#8220; width=&#8220;80%&#8220; width_tablet=&#8220;100%&#8220; width_phone=&#8220;100%&#8220; width_last_edited=&#8220;on|tablet&#8220; custom_margin=&#8220;||80px||false|false&#8220; global_colors_info=&#8220;{}&#8220;]<\/p>\n<style>#sp-ea-5376 .spcollapsing { height: 0; overflow: hidden; transition-property: height;transition-duration: 300ms;}#sp-ea-5376.sp-easy-accordion>.sp-ea-single {margin-bottom: 10px; border: 0px solid #e2e2e2; }#sp-ea-5376.sp-easy-accordion>.sp-ea-single>.ea-header a {color: #444;}#sp-ea-5376.sp-easy-accordion>.sp-ea-single>.sp-collapse>.ea-body {background: #fff; color: #444;}#sp-ea-5376.sp-easy-accordion>.sp-ea-single {background: #ffffff;}#sp-ea-5376.sp-easy-accordion>.sp-ea-single>.ea-header a .ea-expand-icon { float: left; color: #444;font-size: 16px;}<\/style><div id=\"sp_easy_accordion-1703249842\">\n<div id=\"sp-ea-5376\" class=\"sp-ea-one sp-easy-accordion\" data-ea-active=\"ea-click\" data-ea-mode=\"vertical\" data-preloader=\"\" data-scroll-active-item=\"\" data-offset-to-scroll=\"0\">\n\n<!-- Start accordion card div. -->\n<div class=\"ea-card  sp-ea-single\">\n\t<!-- Start accordion header. -->\n\t<h3 class=\"ea-header\">\n\t\t<!-- Add anchor tag for header. -->\n\t\t<a class=\"collapsed\" id=\"ea-header-53760\" role=\"button\" data-sptoggle=\"spcollapse\" data-sptarget=\"#collapse53760\" aria-controls=\"collapse53760\" href=\"#\"  aria-expanded=\"false\" tabindex=\"0\">\n\t\t<i aria-hidden=\"true\" role=\"presentation\" class=\"ea-expand-icon eap-icon-ea-expand-plus\"><\/i> Leistungsmanagement\t\t<\/a> <!-- Close anchor tag for header. -->\n\t<\/h3>\t<!-- Close header tag. -->\n\t<!-- Start collapsible content div. -->\n\t<div class=\"sp-collapse spcollapse spcollapse\" id=\"collapse53760\"  role=\"region\" aria-labelledby=\"ea-header-53760\">  <!-- Content div. -->\n\t\t<div class=\"ea-body\">\n\t\t<p>Die richtige Bewertung der Gesch\u00e4ftsleistung kann Ihnen die richtige Richtung sagen, die Ihr Unternehmen einschlagen muss, um Fortschritte zu erzielen. Ein Leistungsmanagementplan kann Ihre Standards hochhalten und Ihre Kunden zufriedenstellen.<\/p>\n\t\t<\/div> <!-- Close content div. -->\n\t<\/div> <!-- Close collapse div. -->\n<\/div> <!-- Close card div. -->\n<!-- Start accordion card div. -->\n<div class=\"ea-card  sp-ea-single\">\n\t<!-- Start accordion header. -->\n\t<h3 class=\"ea-header\">\n\t\t<!-- Add anchor tag for header. -->\n\t\t<a class=\"collapsed\" id=\"ea-header-53761\" role=\"button\" data-sptoggle=\"spcollapse\" data-sptarget=\"#collapse53761\" aria-controls=\"collapse53761\" href=\"#\"  aria-expanded=\"false\" tabindex=\"0\">\n\t\t<i aria-hidden=\"true\" role=\"presentation\" class=\"ea-expand-icon eap-icon-ea-expand-plus\"><\/i> Prognose und Planung\t\t<\/a> <!-- Close anchor tag for header. -->\n\t<\/h3>\t<!-- Close header tag. -->\n\t<!-- Start collapsible content div. -->\n\t<div class=\"sp-collapse spcollapse spcollapse\" id=\"collapse53761\"  role=\"region\" aria-labelledby=\"ea-header-53761\">  <!-- Content div. -->\n\t\t<div class=\"ea-body\">\n\t\t<p>Zahlen sprechen mehr, als Sie denken. Mit der richtigen Planung k\u00f6nnen Sie Ihre Kosten senken und trotzdem Ihren Betrieb am Laufen halten.<br \/>\nUnsere flexiblen Modelle sind darauf ausgelegt, Ihrem Unternehmen zu dienen. Wenden Sie sich an uns und finden Sie heraus, was Ihren Bed\u00fcrfnissen entspricht.<\/p>\n\t\t<\/div> <!-- Close content div. -->\n\t<\/div> <!-- Close collapse div. -->\n<\/div> <!-- Close card div. -->\n<!-- Start accordion card div. -->\n<div class=\"ea-card  sp-ea-single\">\n\t<!-- Start accordion header. -->\n\t<h3 class=\"ea-header\">\n\t\t<!-- Add anchor tag for header. -->\n\t\t<a class=\"collapsed\" id=\"ea-header-53762\" role=\"button\" data-sptoggle=\"spcollapse\" data-sptarget=\"#collapse53762\" aria-controls=\"collapse53762\" href=\"#\"  aria-expanded=\"false\" tabindex=\"0\">\n\t\t<i aria-hidden=\"true\" role=\"presentation\" class=\"ea-expand-icon eap-icon-ea-expand-plus\"><\/i> Qualit\u00e4tsmanagement\t\t<\/a> <!-- Close anchor tag for header. -->\n\t<\/h3>\t<!-- Close header tag. -->\n\t<!-- Start collapsible content div. -->\n\t<div class=\"sp-collapse spcollapse spcollapse\" id=\"collapse53762\"  role=\"region\" aria-labelledby=\"ea-header-53762\">  <!-- Content div. -->\n\t\t<div class=\"ea-body\">\n\t\t<p>Qualitativ hochwertige Produkte ben\u00f6tigen einen qualitativ hochwertigen Service. Lassen Sie uns Ihre Qualit\u00e4t analysieren und gemeinsam k\u00f6nnen wir den Plan entwickeln, wie Sie die Standards liefern k\u00f6nnen, die Ihre Kunden erwarten.<\/p>\n\t\t<\/div> <!-- Close content div. -->\n\t<\/div> <!-- Close collapse div. -->\n<\/div> <!-- Close card div. -->\n<!-- Start accordion card div. -->\n<div class=\"ea-card  sp-ea-single\">\n\t<!-- Start accordion header. -->\n\t<h3 class=\"ea-header\">\n\t\t<!-- Add anchor tag for header. -->\n\t\t<a class=\"collapsed\" id=\"ea-header-53763\" role=\"button\" data-sptoggle=\"spcollapse\" data-sptarget=\"#collapse53763\" aria-controls=\"collapse53763\" href=\"#\"  aria-expanded=\"false\" tabindex=\"0\">\n\t\t<i aria-hidden=\"true\" role=\"presentation\" class=\"ea-expand-icon eap-icon-ea-expand-plus\"><\/i> Stimme der Kundenumfrage\t\t<\/a> <!-- Close anchor tag for header. -->\n\t<\/h3>\t<!-- Close header tag. -->\n\t<!-- Start collapsible content div. -->\n\t<div class=\"sp-collapse spcollapse spcollapse\" id=\"collapse53763\"  role=\"region\" aria-labelledby=\"ea-header-53763\">  <!-- Content div. -->\n\t\t<div class=\"ea-body\">\n\t\t<p>Zeigen Sie Ihren Kunden, dass Sie sich um sie k\u00fcmmern. Teilen Sie Ihre Pl\u00e4ne mit, fragen Sie sie nach ihrer Meinung und sie werden Ihnen viel mehr erz\u00e4hlen als erwartet. Lassen Sie sie sich f\u00fcr das, was Sie tun, begeistern, und sie werden der vertrauensw\u00fcrdige Partner, den Sie brauchen.<\/p>\n\t\t<\/div> <!-- Close content div. -->\n\t<\/div> <!-- Close collapse div. -->\n<\/div> <!-- Close card div. -->\n<!-- Start accordion card div. -->\n<div class=\"ea-card  sp-ea-single\">\n\t<!-- Start accordion header. -->\n\t<h3 class=\"ea-header\">\n\t\t<!-- Add anchor tag for header. -->\n\t\t<a class=\"collapsed\" id=\"ea-header-53764\" role=\"button\" data-sptoggle=\"spcollapse\" data-sptarget=\"#collapse53764\" aria-controls=\"collapse53764\" href=\"#\"  aria-expanded=\"false\" tabindex=\"0\">\n\t\t<i aria-hidden=\"true\" role=\"presentation\" class=\"ea-expand-icon eap-icon-ea-expand-plus\"><\/i> Berichterstattung und Analyse\t\t<\/a> <!-- Close anchor tag for header. -->\n\t<\/h3>\t<!-- Close header tag. -->\n\t<!-- Start collapsible content div. -->\n\t<div class=\"sp-collapse spcollapse spcollapse\" id=\"collapse53764\"  role=\"region\" aria-labelledby=\"ea-header-53764\">  <!-- Content div. -->\n\t\t<div class=\"ea-body\">\n\t\t<p>Wir sprechen die Sprache des Kunden und k\u00f6nnen Ihnen helfen, zu analysieren, was er Ihnen sagt. Setzen Sie die richtige Dringlichkeit auf die richtigen Priorit\u00e4ten. Zeigen Sie Ihren Kunden, dass Sie h\u00f6ren, was sie sagen, und bringen Sie ihre Bed\u00fcrfnisse zu Plan A.<\/p>\n\t\t<\/div> <!-- Close content div. -->\n\t<\/div> <!-- Close collapse div. -->\n<\/div> <!-- Close card div. -->\n<\/div>\n<\/div>\n\n<p>[\/et_pb_text][et_pb_text _builder_version=&#8220;4.23.2&#8243; _module_preset=&#8220;default&#8220; header_3_font=&#8220;Montserrat|700|||||||&#8220; header_3_text_color=&#8220;#565656&#8243; header_3_font_size=&#8220;24px&#8220; header_3_line_height=&#8220;30px&#8220; custom_margin=&#8220;||20px||false|false&#8220; hover_enabled=&#8220;0&#8243; header_3_text_align_tablet=&#8220;&#8220; header_3_text_align_phone=&#8220;center&#8220; header_3_text_align_last_edited=&#8220;on|phone&#8220; global_colors_info=&#8220;{}&#8220; sticky_enabled=&#8220;0&#8243;]<\/p>\n<h3><span class=\"text-gradient\">KLINGT<\/span> DAS OBEN <span class=\"text-gradient\">VERTRAUT?<\/span><\/h3>\n<p>[\/et_pb_text][et_pb_button button_url=&#8220;https:\/\/todosconsulting.com\/de\/kontakt\/&#8220; button_text=&#8220;SAGEN SIE UNS, WIE WIR IHNEN HELFEN K\u00d6NNEN&#8220; disabled_on=&#8220;on|off|off&#8220; _builder_version=&#8220;4.23.2&#8243; _module_preset=&#8220;default&#8220; custom_button=&#8220;on&#8220; button_text_size=&#8220;14px&#8220; button_text_color=&#8220;#FFFFFF&#8220; button_bg_color=&#8220;gcid-659082c7-a9ad-48f1-9dbb-8b65aec7771f&#8220; button_border_width=&#8220;0px&#8220; button_border_radius=&#8220;0px&#8220; button_letter_spacing=&#8220;1px&#8220; button_font=&#8220;Montserrat|600|||||||&#8220; button_use_icon=&#8220;off&#8220; custom_padding=&#8220;15px|60px|15px|60px|true|true&#8220; hover_enabled=&#8220;0&#8243; global_colors_info=&#8220;{%22gcid-659082c7-a9ad-48f1-9dbb-8b65aec7771f%22:%91%22button_bg_color%22%93}&#8220; button_bg_enable_color=&#8220;on&#8220; sticky_enabled=&#8220;0&#8243;][\/et_pb_button][et_pb_button button_url=&#8220;https:\/\/todosconsulting.com\/de\/kontakt\/&#8220; button_text=&#8220;SAGEN SIE UNS, WIE WIR IHNEN HELFEN K\u00d6NNEN&#8220; button_alignment=&#8220;center&#8220; disabled_on=&#8220;off|on|on&#8220; _builder_version=&#8220;4.23.2&#8243; _module_preset=&#8220;default&#8220; custom_button=&#8220;on&#8220; button_text_size=&#8220;14px&#8220; button_text_color=&#8220;#FFFFFF&#8220; button_bg_color=&#8220;gcid-659082c7-a9ad-48f1-9dbb-8b65aec7771f&#8220; button_border_width=&#8220;0px&#8220; button_border_radius=&#8220;0px&#8220; button_letter_spacing=&#8220;1px&#8220; button_font=&#8220;Montserrat|600|||||||&#8220; button_use_icon=&#8220;off&#8220; custom_padding=&#8220;15px|60px|15px|60px|true|true&#8220; hover_enabled=&#8220;0&#8243; custom_css_main_element=&#8220;width: 100%;&#8220; global_colors_info=&#8220;{%22gcid-659082c7-a9ad-48f1-9dbb-8b65aec7771f%22:%91%22button_bg_color%22%93}&#8220; button_bg_enable_color=&#8220;on&#8220; sticky_enabled=&#8220;0&#8243;][\/et_pb_button][\/et_pb_column][\/et_pb_row][\/et_pb_section]<\/p>\n","protected":false},"excerpt":{"rendered":"<p>GESCH\u00c4FTSPFLEGEDIENSTLEISTUNGEN<style>#sp-ea-5376 .spcollapsing { height: 0; overflow: hidden; transition-property: height;transition-duration: 300ms;}#sp-ea-5376.sp-easy-accordion>.sp-ea-single {margin-bottom: 10px; border: 0px solid #e2e2e2; }#sp-ea-5376.sp-easy-accordion>.sp-ea-single>.ea-header a {color: #444;}#sp-ea-5376.sp-easy-accordion>.sp-ea-single>.sp-collapse>.ea-body {background: #fff; color: #444;}#sp-ea-5376.sp-easy-accordion>.sp-ea-single {background: #ffffff;}#sp-ea-5376.sp-easy-accordion>.sp-ea-single>.ea-header a .ea-expand-icon { float: left; color: #444;font-size: 16px;}<\/style><div id=\"sp_easy_accordion-1703249842\">\n<div id=\"sp-ea-5376\" class=\"sp-ea-one sp-easy-accordion\" data-ea-active=\"ea-click\" data-ea-mode=\"vertical\" data-preloader=\"\" data-scroll-active-item=\"\" data-offset-to-scroll=\"0\">\n\n<!-- Start accordion card div. -->\n<div class=\"ea-card  sp-ea-single\">\n\t<!-- Start accordion header. -->\n\t<h3 class=\"ea-header\">\n\t\t<!-- Add anchor tag for header. -->\n\t\t<a class=\"collapsed\" id=\"ea-header-53760\" role=\"button\" data-sptoggle=\"spcollapse\" data-sptarget=\"#collapse53760\" aria-controls=\"collapse53760\" href=\"#\"  aria-expanded=\"false\" tabindex=\"0\">\n\t\t<i aria-hidden=\"true\" role=\"presentation\" class=\"ea-expand-icon eap-icon-ea-expand-plus\"><\/i> Leistungsmanagement\t\t<\/a> <!-- Close anchor tag for header. -->\n\t<\/h3>\t<!-- Close header tag. -->\n\t<!-- Start collapsible content div. -->\n\t<div class=\"sp-collapse spcollapse spcollapse\" id=\"collapse53760\"  role=\"region\" aria-labelledby=\"ea-header-53760\">  <!-- Content div. -->\n\t\t<div class=\"ea-body\">\n\t\t<p>Die richtige Bewertung der Gesch\u00e4ftsleistung kann Ihnen die richtige Richtung sagen, die Ihr Unternehmen einschlagen muss, um Fortschritte zu erzielen. Ein Leistungsmanagementplan kann Ihre Standards hochhalten und Ihre Kunden zufriedenstellen.<\/p>\n\t\t<\/div> <!-- Close content div. -->\n\t<\/div> <!-- Close collapse div. -->\n<\/div> <!-- Close card div. -->\n<!-- Start accordion card div. -->\n<div class=\"ea-card  sp-ea-single\">\n\t<!-- Start accordion header. -->\n\t<h3 class=\"ea-header\">\n\t\t<!-- Add anchor tag for header. -->\n\t\t<a class=\"collapsed\" id=\"ea-header-53761\" role=\"button\" data-sptoggle=\"spcollapse\" data-sptarget=\"#collapse53761\" aria-controls=\"collapse53761\" href=\"#\"  aria-expanded=\"false\" tabindex=\"0\">\n\t\t<i aria-hidden=\"true\" role=\"presentation\" class=\"ea-expand-icon eap-icon-ea-expand-plus\"><\/i> Prognose und Planung\t\t<\/a> <!-- Close anchor tag for header. -->\n\t<\/h3>\t<!-- Close header tag. -->\n\t<!-- Start collapsible content div. -->\n\t<div class=\"sp-collapse spcollapse spcollapse\" id=\"collapse53761\"  role=\"region\" aria-labelledby=\"ea-header-53761\">  <!-- Content div. -->\n\t\t<div class=\"ea-body\">\n\t\t<p>Zahlen sprechen mehr, als Sie denken. Mit der richtigen Planung k\u00f6nnen Sie Ihre Kosten senken und trotzdem Ihren Betrieb am Laufen halten.<br \/>\nUnsere flexiblen Modelle sind darauf ausgelegt, Ihrem Unternehmen zu dienen. Wenden Sie sich an uns und finden Sie heraus, was Ihren Bed\u00fcrfnissen entspricht.<\/p>\n\t\t<\/div> <!-- Close content div. -->\n\t<\/div> <!-- Close collapse div. -->\n<\/div> <!-- Close card div. -->\n<!-- Start accordion card div. -->\n<div class=\"ea-card  sp-ea-single\">\n\t<!-- Start accordion header. -->\n\t<h3 class=\"ea-header\">\n\t\t<!-- Add anchor tag for header. -->\n\t\t<a class=\"collapsed\" id=\"ea-header-53762\" role=\"button\" data-sptoggle=\"spcollapse\" data-sptarget=\"#collapse53762\" aria-controls=\"collapse53762\" href=\"#\"  aria-expanded=\"false\" tabindex=\"0\">\n\t\t<i aria-hidden=\"true\" role=\"presentation\" class=\"ea-expand-icon eap-icon-ea-expand-plus\"><\/i> Qualit\u00e4tsmanagement\t\t<\/a> <!-- Close anchor tag for header. -->\n\t<\/h3>\t<!-- Close header tag. -->\n\t<!-- Start collapsible content div. -->\n\t<div class=\"sp-collapse spcollapse spcollapse\" id=\"collapse53762\"  role=\"region\" aria-labelledby=\"ea-header-53762\">  <!-- Content div. -->\n\t\t<div class=\"ea-body\">\n\t\t<p>Qualitativ hochwertige Produkte ben\u00f6tigen einen qualitativ hochwertigen Service. Lassen Sie uns Ihre Qualit\u00e4t analysieren und gemeinsam k\u00f6nnen wir den Plan entwickeln, wie Sie die Standards liefern k\u00f6nnen, die Ihre Kunden erwarten.<\/p>\n\t\t<\/div> <!-- Close content div. -->\n\t<\/div> <!-- Close collapse div. -->\n<\/div> <!-- Close card div. -->\n<!-- Start accordion card div. -->\n<div class=\"ea-card  sp-ea-single\">\n\t<!-- Start accordion header. -->\n\t<h3 class=\"ea-header\">\n\t\t<!-- Add anchor tag for header. -->\n\t\t<a class=\"collapsed\" id=\"ea-header-53763\" role=\"button\" data-sptoggle=\"spcollapse\" data-sptarget=\"#collapse53763\" aria-controls=\"collapse53763\" href=\"#\"  aria-expanded=\"false\" tabindex=\"0\">\n\t\t<i aria-hidden=\"true\" role=\"presentation\" class=\"ea-expand-icon eap-icon-ea-expand-plus\"><\/i> Stimme der Kundenumfrage\t\t<\/a> <!-- Close anchor tag for header. -->\n\t<\/h3>\t<!-- Close header tag. -->\n\t<!-- Start collapsible content div. -->\n\t<div class=\"sp-collapse spcollapse spcollapse\" id=\"collapse53763\"  role=\"region\" aria-labelledby=\"ea-header-53763\">  <!-- Content div. -->\n\t\t<div class=\"ea-body\">\n\t\t<p>Zeigen Sie Ihren Kunden, dass Sie sich um sie k\u00fcmmern. Teilen Sie Ihre Pl\u00e4ne mit, fragen Sie sie nach ihrer Meinung und sie werden Ihnen viel mehr erz\u00e4hlen als erwartet. Lassen Sie sie sich f\u00fcr das, was Sie tun, begeistern, und sie werden der vertrauensw\u00fcrdige Partner, den Sie brauchen.<\/p>\n\t\t<\/div> <!-- Close content div. -->\n\t<\/div> <!-- Close collapse div. -->\n<\/div> <!-- Close card div. -->\n<!-- Start accordion card div. -->\n<div class=\"ea-card  sp-ea-single\">\n\t<!-- Start accordion header. -->\n\t<h3 class=\"ea-header\">\n\t\t<!-- Add anchor tag for header. -->\n\t\t<a class=\"collapsed\" id=\"ea-header-53764\" role=\"button\" data-sptoggle=\"spcollapse\" data-sptarget=\"#collapse53764\" aria-controls=\"collapse53764\" href=\"#\"  aria-expanded=\"false\" tabindex=\"0\">\n\t\t<i aria-hidden=\"true\" role=\"presentation\" class=\"ea-expand-icon eap-icon-ea-expand-plus\"><\/i> Berichterstattung und Analyse\t\t<\/a> <!-- Close anchor tag for header. -->\n\t<\/h3>\t<!-- Close header tag. -->\n\t<!-- Start collapsible content div. -->\n\t<div class=\"sp-collapse spcollapse spcollapse\" id=\"collapse53764\"  role=\"region\" aria-labelledby=\"ea-header-53764\">  <!-- Content div. -->\n\t\t<div class=\"ea-body\">\n\t\t<p>Wir sprechen die Sprache des Kunden und k\u00f6nnen Ihnen helfen, zu analysieren, was er Ihnen sagt. Setzen Sie die richtige Dringlichkeit auf die richtigen Priorit\u00e4ten. Zeigen Sie Ihren Kunden, dass Sie h\u00f6ren, was sie sagen, und bringen Sie ihre Bed\u00fcrfnisse zu Plan A.<\/p>\n\t\t<\/div> <!-- Close content div. -->\n\t<\/div> <!-- Close collapse div. -->\n<\/div> <!-- Close card div. -->\n<\/div>\n<\/div>\nKLINGT DAS OBEN VERTRAUT?<\/p>\n","protected":false},"author":4,"featured_media":0,"parent":0,"menu_order":0,"comment_status":"closed","ping_status":"closed","template":"","meta":{"_et_pb_use_builder":"on","_et_pb_old_content":"","_et_gb_content_width":"","footnotes":""},"class_list":["post-5377","page","type-page","status-publish","hentry"],"yoast_head":"<!-- This site is optimized with the Yoast SEO plugin v24.9 - https:\/\/yoast.com\/wordpress\/plugins\/seo\/ -->\n<title>GESCH\u00c4FTSPFLEGEDIENSTLEISTUNGEN - Todos Consulting<\/title>\n<meta name=\"robots\" content=\"index, follow, max-snippet:-1, max-image-preview:large, max-video-preview:-1\" \/>\n<link rel=\"canonical\" href=\"https:\/\/todosconsulting.com\/de\/geschaftspflegedienstleistungen\/\" \/>\n<meta property=\"og:locale\" content=\"de_DE\" \/>\n<meta property=\"og:type\" content=\"article\" \/>\n<meta property=\"og:title\" content=\"GESCH\u00c4FTSPFLEGEDIENSTLEISTUNGEN - Todos Consulting\" \/>\n<meta property=\"og:description\" content=\"GESCH\u00c4FTSPFLEGEDIENSTLEISTUNGENKLINGT DAS OBEN VERTRAUT?\" \/>\n<meta property=\"og:url\" content=\"https:\/\/todosconsulting.com\/de\/geschaftspflegedienstleistungen\/\" \/>\n<meta property=\"og:site_name\" content=\"Todos Consulting\" \/>\n<meta property=\"article:modified_time\" content=\"2023-12-22T16:00:08+00:00\" \/>\n<meta name=\"twitter:card\" content=\"summary_large_image\" \/>\n<meta name=\"twitter:label1\" content=\"Gesch\u00e4tzte Lesezeit\" \/>\n\t<meta name=\"twitter:data1\" content=\"2\u00a0Minuten\" \/>\n<script type=\"application\/ld+json\" class=\"yoast-schema-graph\">{\"@context\":\"https:\/\/schema.org\",\"@graph\":[{\"@type\":\"WebPage\",\"@id\":\"https:\/\/todosconsulting.com\/de\/geschaftspflegedienstleistungen\/\",\"url\":\"https:\/\/todosconsulting.com\/de\/geschaftspflegedienstleistungen\/\",\"name\":\"GESCH\u00c4FTSPFLEGEDIENSTLEISTUNGEN - Todos Consulting\",\"isPartOf\":{\"@id\":\"https:\/\/todosconsulting.com\/de\/#website\"},\"datePublished\":\"2021-10-04T10:45:07+00:00\",\"dateModified\":\"2023-12-22T16:00:08+00:00\",\"breadcrumb\":{\"@id\":\"https:\/\/todosconsulting.com\/de\/geschaftspflegedienstleistungen\/#breadcrumb\"},\"inLanguage\":\"de\",\"potentialAction\":[{\"@type\":\"ReadAction\",\"target\":[\"https:\/\/todosconsulting.com\/de\/geschaftspflegedienstleistungen\/\"]}]},{\"@type\":\"BreadcrumbList\",\"@id\":\"https:\/\/todosconsulting.com\/de\/geschaftspflegedienstleistungen\/#breadcrumb\",\"itemListElement\":[{\"@type\":\"ListItem\",\"position\":1,\"name\":\"Home\",\"item\":\"https:\/\/todosconsulting.com\/de\/\"},{\"@type\":\"ListItem\",\"position\":2,\"name\":\"GESCH\u00c4FTSPFLEGEDIENSTLEISTUNGEN\"}]},{\"@type\":\"WebSite\",\"@id\":\"https:\/\/todosconsulting.com\/de\/#website\",\"url\":\"https:\/\/todosconsulting.com\/de\/\",\"name\":\"Todos Consulting\",\"description\":\"Website Description\",\"potentialAction\":[{\"@type\":\"SearchAction\",\"target\":{\"@type\":\"EntryPoint\",\"urlTemplate\":\"https:\/\/todosconsulting.com\/de\/?s={search_term_string}\"},\"query-input\":{\"@type\":\"PropertyValueSpecification\",\"valueRequired\":true,\"valueName\":\"search_term_string\"}}],\"inLanguage\":\"de\"}]}<\/script>\n<!-- \/ Yoast SEO plugin. -->","yoast_head_json":{"title":"GESCH\u00c4FTSPFLEGEDIENSTLEISTUNGEN - Todos Consulting","robots":{"index":"index","follow":"follow","max-snippet":"max-snippet:-1","max-image-preview":"max-image-preview:large","max-video-preview":"max-video-preview:-1"},"canonical":"https:\/\/todosconsulting.com\/de\/geschaftspflegedienstleistungen\/","og_locale":"de_DE","og_type":"article","og_title":"GESCH\u00c4FTSPFLEGEDIENSTLEISTUNGEN - Todos Consulting","og_description":"GESCH\u00c4FTSPFLEGEDIENSTLEISTUNGENKLINGT DAS OBEN VERTRAUT?","og_url":"https:\/\/todosconsulting.com\/de\/geschaftspflegedienstleistungen\/","og_site_name":"Todos Consulting","article_modified_time":"2023-12-22T16:00:08+00:00","twitter_card":"summary_large_image","twitter_misc":{"Gesch\u00e4tzte Lesezeit":"2\u00a0Minuten"},"schema":{"@context":"https:\/\/schema.org","@graph":[{"@type":"WebPage","@id":"https:\/\/todosconsulting.com\/de\/geschaftspflegedienstleistungen\/","url":"https:\/\/todosconsulting.com\/de\/geschaftspflegedienstleistungen\/","name":"GESCH\u00c4FTSPFLEGEDIENSTLEISTUNGEN - Todos Consulting","isPartOf":{"@id":"https:\/\/todosconsulting.com\/de\/#website"},"datePublished":"2021-10-04T10:45:07+00:00","dateModified":"2023-12-22T16:00:08+00:00","breadcrumb":{"@id":"https:\/\/todosconsulting.com\/de\/geschaftspflegedienstleistungen\/#breadcrumb"},"inLanguage":"de","potentialAction":[{"@type":"ReadAction","target":["https:\/\/todosconsulting.com\/de\/geschaftspflegedienstleistungen\/"]}]},{"@type":"BreadcrumbList","@id":"https:\/\/todosconsulting.com\/de\/geschaftspflegedienstleistungen\/#breadcrumb","itemListElement":[{"@type":"ListItem","position":1,"name":"Home","item":"https:\/\/todosconsulting.com\/de\/"},{"@type":"ListItem","position":2,"name":"GESCH\u00c4FTSPFLEGEDIENSTLEISTUNGEN"}]},{"@type":"WebSite","@id":"https:\/\/todosconsulting.com\/de\/#website","url":"https:\/\/todosconsulting.com\/de\/","name":"Todos Consulting","description":"Website Description","potentialAction":[{"@type":"SearchAction","target":{"@type":"EntryPoint","urlTemplate":"https:\/\/todosconsulting.com\/de\/?s={search_term_string}"},"query-input":{"@type":"PropertyValueSpecification","valueRequired":true,"valueName":"search_term_string"}}],"inLanguage":"de"}]}},"_links":{"self":[{"href":"https:\/\/todosconsulting.com\/de\/wp-json\/wp\/v2\/pages\/5377","targetHints":{"allow":["GET"]}}],"collection":[{"href":"https:\/\/todosconsulting.com\/de\/wp-json\/wp\/v2\/pages"}],"about":[{"href":"https:\/\/todosconsulting.com\/de\/wp-json\/wp\/v2\/types\/page"}],"author":[{"embeddable":true,"href":"https:\/\/todosconsulting.com\/de\/wp-json\/wp\/v2\/users\/4"}],"replies":[{"embeddable":true,"href":"https:\/\/todosconsulting.com\/de\/wp-json\/wp\/v2\/comments?post=5377"}],"version-history":[{"count":17,"href":"https:\/\/todosconsulting.com\/de\/wp-json\/wp\/v2\/pages\/5377\/revisions"}],"predecessor-version":[{"id":5446,"href":"https:\/\/todosconsulting.com\/de\/wp-json\/wp\/v2\/pages\/5377\/revisions\/5446"}],"wp:attachment":[{"href":"https:\/\/todosconsulting.com\/de\/wp-json\/wp\/v2\/media?parent=5377"}],"curies":[{"name":"wp","href":"https:\/\/api.w.org\/{rel}","templated":true}]}}