{"id":5372,"date":"2021-10-04T07:27:01","date_gmt":"2021-10-04T07:27:01","guid":{"rendered":"https:\/\/todosconsulting.com\/kundenbetreuungsloesungen\/"},"modified":"2023-12-22T15:59:54","modified_gmt":"2023-12-22T15:59:54","slug":"kundenbetreuungslosungen","status":"publish","type":"page","link":"https:\/\/todosconsulting.com\/de\/kundenbetreuungslosungen\/","title":{"rendered":"KUNDENBETREUUNGSL\u00d6SUNGEN"},"content":{"rendered":"<p>[et_pb_section fb_built=&#8220;1&#8243; _builder_version=&#8220;4.16&#8243; _module_preset=&#8220;default&#8220; custom_padding=&#8220;140px||||false|false&#8220; global_colors_info=&#8220;{}&#8220;][et_pb_row column_structure=&#8220;1_3,2_3&#8243; custom_padding_last_edited=&#8220;on|phone&#8220; _builder_version=&#8220;4.16&#8243; _module_preset=&#8220;default&#8220; width=&#8220;100%&#8220; width_tablet=&#8220;90%&#8220; width_phone=&#8220;100%&#8220; width_last_edited=&#8220;on|phone&#8220; max_width=&#8220;none&#8220; custom_padding=&#8220;0px|||||&#8220; custom_padding_tablet=&#8220;&#8220; custom_padding_phone=&#8220;|30px||30px|false|true&#8220; global_colors_info=&#8220;{}&#8220;][et_pb_column type=&#8220;1_3&#8243; disabled_on=&#8220;on|on|off&#8220; _builder_version=&#8220;4.16&#8243; _module_preset=&#8220;default&#8220; global_colors_info=&#8220;{}&#8220;][et_pb_text _builder_version=&#8220;4.23.2&#8243; _module_preset=&#8220;default&#8220; use_background_color_gradient=&#8220;on&#8220; background_color_gradient_direction=&#8220;90deg&#8220; background_color_gradient_stops=&#8220;rgba(42,54,82,0.4) 0%|rgba(30,171,226,0.4) 100%&#8220; background_color_gradient_overlays_image=&#8220;on&#8220; background_color_gradient_start=&#8220;rgba(102,173,219,0.4)&#8220; background_color_gradient_end=&#8220;rgba(140,213,203,0.4)&#8220; background_image=&#8220;http:\/\/todosconsulting.com\/wp-content\/uploads\/2021\/10\/customer-care999.jpg&#8220; background_position=&#8220;center_right&#8220; height=&#8220;70vh&#8220; global_colors_info=&#8220;{}&#8220;][\/et_pb_text][\/et_pb_column][et_pb_column type=&#8220;2_3&#8243; _builder_version=&#8220;4.16&#8243; _module_preset=&#8220;default&#8220; global_colors_info=&#8220;{}&#8220;][et_pb_text _builder_version=&#8220;4.16&#8243; _module_preset=&#8220;default&#8220; header_2_font=&#8220;Montserrat|700|||||||&#8220; header_2_text_align=&#8220;left&#8220; header_2_text_color=&#8220;#363636&#8243; header_2_font_size=&#8220;48px&#8220; header_2_line_height=&#8220;48px&#8220; custom_margin=&#8220;||0px||false|false&#8220; header_2_font_size_tablet=&#8220;36px&#8220; header_2_font_size_phone=&#8220;36px&#8220; header_2_font_size_last_edited=&#8220;on|phone&#8220; header_2_line_height_tablet=&#8220;36px&#8220; header_2_line_height_phone=&#8220;&#8220; header_2_line_height_last_edited=&#8220;on|tablet&#8220; global_colors_info=&#8220;{}&#8220;]<\/p>\n<h2>KUNDENBETREUUNGSL\u00d6SUNGEN<\/h2>\n<p>[\/et_pb_text][et_pb_text _builder_version=&#8220;4.16&#8243; _module_preset=&#8220;default&#8220; width=&#8220;80%&#8220; width_tablet=&#8220;100%&#8220; width_phone=&#8220;100%&#8220; width_last_edited=&#8220;on|tablet&#8220; custom_margin=&#8220;||80px||false|false&#8220; global_colors_info=&#8220;{}&#8220;]<style>#sp-ea-5367 .spcollapsing { height: 0; overflow: hidden; transition-property: height;transition-duration: 500ms;}#sp-ea-5367.sp-easy-accordion>.sp-ea-single {margin-bottom: 10px; border: 0px solid #e2e2e2; }#sp-ea-5367.sp-easy-accordion>.sp-ea-single>.ea-header a {color: #444;}#sp-ea-5367.sp-easy-accordion>.sp-ea-single>.sp-collapse>.ea-body {background: #fff; color: #444;}#sp-ea-5367.sp-easy-accordion>.sp-ea-single {background: #ffffff;}#sp-ea-5367.sp-easy-accordion>.sp-ea-single>.ea-header a .ea-expand-icon { float: left; color: #444;font-size: 16px;}<\/style><div id=\"sp_easy_accordion-1703247704\">\n<div id=\"sp-ea-5367\" class=\"sp-ea-one sp-easy-accordion\" data-ea-active=\"ea-click\" data-ea-mode=\"vertical\" data-preloader=\"\" data-scroll-active-item=\"\" data-offset-to-scroll=\"0\">\n\n<!-- Start accordion card div. -->\n<div class=\"ea-card  sp-ea-single\">\n\t<!-- Start accordion header. -->\n\t<h3 class=\"ea-header\">\n\t\t<!-- Add anchor tag for header. -->\n\t\t<a class=\"collapsed\" id=\"ea-header-53670\" role=\"button\" data-sptoggle=\"spcollapse\" data-sptarget=\"#collapse53670\" aria-controls=\"collapse53670\" href=\"#\"  aria-expanded=\"false\" tabindex=\"0\">\n\t\t<i aria-hidden=\"true\" role=\"presentation\" class=\"ea-expand-icon eap-icon-ea-expand-plus\"><\/i> Eingehende Dienstleistungen\t\t<\/a> <!-- Close anchor tag for header. -->\n\t<\/h3>\t<!-- Close header tag. -->\n\t<!-- Start collapsible content div. -->\n\t<div class=\"sp-collapse spcollapse spcollapse\" id=\"collapse53670\"  role=\"region\" aria-labelledby=\"ea-header-53670\">  <!-- Content div. -->\n\t\t<div class=\"ea-body\">\n\t\t<p>Beim Inbound-Service geht es nicht nur darum, den Anruf zu beantworten. Mit jeder Interaktion werden unsere Pflegeagenten eine wertvolle Beziehung zu Ihrem Kunden schaffen und Ihnen helfen, Ihr Unternehmen in der N\u00e4he ihrer Erwartungen und Bed\u00fcrfnisse zu halten.<\/p>\n\t\t<\/div> <!-- Close content div. -->\n\t<\/div> <!-- Close collapse div. -->\n<\/div> <!-- Close card div. -->\n<!-- Start accordion card div. -->\n<div class=\"ea-card  sp-ea-single\">\n\t<!-- Start accordion header. -->\n\t<h3 class=\"ea-header\">\n\t\t<!-- Add anchor tag for header. -->\n\t\t<a class=\"collapsed\" id=\"ea-header-53671\" role=\"button\" data-sptoggle=\"spcollapse\" data-sptarget=\"#collapse53671\" aria-controls=\"collapse53671\" href=\"#\"  aria-expanded=\"false\" tabindex=\"0\">\n\t\t<i aria-hidden=\"true\" role=\"presentation\" class=\"ea-expand-icon eap-icon-ea-expand-plus\"><\/i> Ausgehende Dienstleistungen\t\t<\/a> <!-- Close anchor tag for header. -->\n\t<\/h3>\t<!-- Close header tag. -->\n\t<!-- Start collapsible content div. -->\n\t<div class=\"sp-collapse spcollapse spcollapse\" id=\"collapse53671\"  role=\"region\" aria-labelledby=\"ea-header-53671\">  <!-- Content div. -->\n\t\t<div class=\"ea-body\">\n\t\t<p>Sie gewinnen die Aufmerksamkeit Ihrer Kunden innerhalb der ersten Sekunden, nachdem sie das Telefon abgeholt haben. Wir wissen das, und aufgrund der Bedeutung, wer hinter dem Anruf bleibt, den Ihre Kunden erhalten, werden unsere Pflegeagenten sorgf\u00e4ltig ausgew\u00e4hlt, um die Erfahrung und das Verst\u00e4ndnis Ihrer Branche einzubringen.<\/p>\n\t\t<\/div> <!-- Close content div. -->\n\t<\/div> <!-- Close collapse div. -->\n<\/div> <!-- Close card div. -->\n<!-- Start accordion card div. -->\n<div class=\"ea-card  sp-ea-single\">\n\t<!-- Start accordion header. -->\n\t<h3 class=\"ea-header\">\n\t\t<!-- Add anchor tag for header. -->\n\t\t<a class=\"collapsed\" id=\"ea-header-53672\" role=\"button\" data-sptoggle=\"spcollapse\" data-sptarget=\"#collapse53672\" aria-controls=\"collapse53672\" href=\"#\"  aria-expanded=\"false\" tabindex=\"0\">\n\t\t<i aria-hidden=\"true\" role=\"presentation\" class=\"ea-expand-icon eap-icon-ea-expand-plus\"><\/i> E-Mail- und Chat-Unterst\u00fctzung\t\t<\/a> <!-- Close anchor tag for header. -->\n\t<\/h3>\t<!-- Close header tag. -->\n\t<!-- Start collapsible content div. -->\n\t<div class=\"sp-collapse spcollapse spcollapse\" id=\"collapse53672\"  role=\"region\" aria-labelledby=\"ea-header-53672\">  <!-- Content div. -->\n\t\t<div class=\"ea-body\">\n\t\t<p>Chat-Bots und automatische Antworten sind intelligent, aber nicht intelligent genug, um das Gef\u00fchl der pers\u00f6nlichen Interaktion zu bringen. Unsere Pflegeagenten bringen die professionelle Sprache der Sprachinteraktionen in die moderne und dynamische Welt Ihrer Kunden, die keine Zeit zum Reden haben.<\/p>\n\t\t<\/div> <!-- Close content div. -->\n\t<\/div> <!-- Close collapse div. -->\n<\/div> <!-- Close card div. -->\n<!-- Start accordion card div. -->\n<div class=\"ea-card  sp-ea-single\">\n\t<!-- Start accordion header. -->\n\t<h3 class=\"ea-header\">\n\t\t<!-- Add anchor tag for header. -->\n\t\t<a class=\"collapsed\" id=\"ea-header-53673\" role=\"button\" data-sptoggle=\"spcollapse\" data-sptarget=\"#collapse53673\" aria-controls=\"collapse53673\" href=\"#\"  aria-expanded=\"false\" tabindex=\"0\">\n\t\t<i aria-hidden=\"true\" role=\"presentation\" class=\"ea-expand-icon eap-icon-ea-expand-plus\"><\/i> Soziale Medien\t\t<\/a> <!-- Close anchor tag for header. -->\n\t<\/h3>\t<!-- Close header tag. -->\n\t<!-- Start collapsible content div. -->\n\t<div class=\"sp-collapse spcollapse spcollapse\" id=\"collapse53673\"  role=\"region\" aria-labelledby=\"ea-header-53673\">  <!-- Content div. -->\n\t\t<div class=\"ea-body\">\n\t\t<p>Wir wissen, dass dies die Zukunft des Kundenservice ist, und deshalb m\u00f6chten wir Sie auf die Reise der modernen Kundenbetreuungsinteraktionen mitnehmen. Sie nennen den Kanal, den Sie verwenden, um Ihre Produkte zu verkaufen, und wir sagen Ihnen, wie Sie diese nutzen.<\/p>\n\t\t<\/div> <!-- Close content div. -->\n\t<\/div> <!-- Close collapse div. -->\n<\/div> <!-- Close card div. -->\n<!-- Start accordion card div. -->\n<div class=\"ea-card  sp-ea-single\">\n\t<!-- Start accordion header. -->\n\t<h3 class=\"ea-header\">\n\t\t<!-- Add anchor tag for header. -->\n\t\t<a class=\"collapsed\" id=\"ea-header-53674\" role=\"button\" data-sptoggle=\"spcollapse\" data-sptarget=\"#collapse53674\" aria-controls=\"collapse53674\" href=\"#\"  aria-expanded=\"false\" tabindex=\"0\">\n\t\t<i aria-hidden=\"true\" role=\"presentation\" class=\"ea-expand-icon eap-icon-ea-expand-plus\"><\/i> Rund um die Uhr 24\/7 Dienstleistungen\t\t<\/a> <!-- Close anchor tag for header. -->\n\t<\/h3>\t<!-- Close header tag. -->\n\t<!-- Start collapsible content div. -->\n\t<div class=\"sp-collapse spcollapse spcollapse\" id=\"collapse53674\"  role=\"region\" aria-labelledby=\"ea-header-53674\">  <!-- Content div. -->\n\t\t<div class=\"ea-body\">\n\t\t<p>\"Sie rufen au\u00dferhalb der Gesch\u00e4ftszeiten an. Bitte rufen Sie uns zwischen 9 und 17 Uhr an\" - Ist etwas, das Ihre Kunden nie h\u00f6ren werden, wenn Sie sich f\u00fcr unseren Rund-um-die-Uhr-Service entscheiden.<\/p>\n\t\t<\/div> <!-- Close content div. -->\n\t<\/div> <!-- Close collapse div. -->\n<\/div> <!-- Close card div. -->\n<\/div>\n<\/div>\n[\/et_pb_text][et_pb_text _builder_version=&#8220;4.23.2&#8243; _module_preset=&#8220;default&#8220; header_3_font=&#8220;Montserrat|700|||||||&#8220; header_3_text_color=&#8220;#565656&#8243; header_3_font_size=&#8220;24px&#8220; header_3_line_height=&#8220;30px&#8220; custom_margin=&#8220;||20px||false|false&#8220; hover_enabled=&#8220;0&#8243; header_3_text_align_tablet=&#8220;&#8220; header_3_text_align_phone=&#8220;center&#8220; header_3_text_align_last_edited=&#8220;on|phone&#8220; global_colors_info=&#8220;{}&#8220; sticky_enabled=&#8220;0&#8243;]<\/p>\n<h3><span class=\"text-gradient\">KLINGT<\/span> DAS OBEN <span class=\"text-gradient\">VERTRAUT?<\/span><\/h3>\n<p>[\/et_pb_text][et_pb_button button_url=&#8220;https:\/\/todosconsulting.com\/de\/kontakt\/&#8220; button_text=&#8220;SAGEN SIE UNS, WIE WIR IHNEN HELFEN K\u00d6NNEN&#8220; disabled_on=&#8220;on|off|off&#8220; _builder_version=&#8220;4.23.2&#8243; _module_preset=&#8220;default&#8220; custom_button=&#8220;on&#8220; button_text_size=&#8220;14px&#8220; button_text_color=&#8220;#FFFFFF&#8220; button_bg_color=&#8220;#1eabe2&#8243; button_border_width=&#8220;0px&#8220; button_border_radius=&#8220;0px&#8220; button_letter_spacing=&#8220;1px&#8220; button_font=&#8220;Montserrat|600|||||||&#8220; button_use_icon=&#8220;off&#8220; custom_padding=&#8220;15px|60px|15px|60px|true|true&#8220; global_colors_info=&#8220;{}&#8220;][\/et_pb_button][et_pb_button button_url=&#8220;https:\/\/todosconsulting.com\/de\/kontakt\/&#8220; button_text=&#8220;SAGEN SIE UNS, WIE WIR IHNEN HELFEN K\u00d6NNEN&#8220; button_alignment=&#8220;center&#8220; disabled_on=&#8220;off|on|on&#8220; _builder_version=&#8220;4.23.2&#8243; _module_preset=&#8220;default&#8220; custom_button=&#8220;on&#8220; button_text_size=&#8220;14px&#8220; button_text_color=&#8220;#FFFFFF&#8220; button_bg_color=&#8220;#1eabe2&#8243; button_border_width=&#8220;0px&#8220; button_border_radius=&#8220;0px&#8220; button_letter_spacing=&#8220;1px&#8220; button_font=&#8220;Montserrat|600|||||||&#8220; button_use_icon=&#8220;off&#8220; custom_padding=&#8220;15px|60px|15px|60px|true|true&#8220; custom_css_main_element=&#8220;width: 100%;&#8220; global_colors_info=&#8220;{}&#8220;][\/et_pb_button][\/et_pb_column][\/et_pb_row][\/et_pb_section]<\/p>\n","protected":false},"excerpt":{"rendered":"<p>KUNDENBETREUUNGSL\u00d6SUNGEN<style>#sp-ea-5367 .spcollapsing { height: 0; overflow: hidden; transition-property: height;transition-duration: 500ms;}#sp-ea-5367.sp-easy-accordion>.sp-ea-single {margin-bottom: 10px; border: 0px solid #e2e2e2; }#sp-ea-5367.sp-easy-accordion>.sp-ea-single>.ea-header a {color: #444;}#sp-ea-5367.sp-easy-accordion>.sp-ea-single>.sp-collapse>.ea-body {background: #fff; color: #444;}#sp-ea-5367.sp-easy-accordion>.sp-ea-single {background: #ffffff;}#sp-ea-5367.sp-easy-accordion>.sp-ea-single>.ea-header a .ea-expand-icon { float: left; color: #444;font-size: 16px;}<\/style><div id=\"sp_easy_accordion-1703247704\">\n<div id=\"sp-ea-5367\" class=\"sp-ea-one sp-easy-accordion\" data-ea-active=\"ea-click\" data-ea-mode=\"vertical\" data-preloader=\"\" data-scroll-active-item=\"\" data-offset-to-scroll=\"0\">\n\n<!-- Start accordion card div. -->\n<div class=\"ea-card  sp-ea-single\">\n\t<!-- Start accordion header. -->\n\t<h3 class=\"ea-header\">\n\t\t<!-- Add anchor tag for header. -->\n\t\t<a class=\"collapsed\" id=\"ea-header-53670\" role=\"button\" data-sptoggle=\"spcollapse\" data-sptarget=\"#collapse53670\" aria-controls=\"collapse53670\" href=\"#\"  aria-expanded=\"false\" tabindex=\"0\">\n\t\t<i aria-hidden=\"true\" role=\"presentation\" class=\"ea-expand-icon eap-icon-ea-expand-plus\"><\/i> Eingehende Dienstleistungen\t\t<\/a> <!-- Close anchor tag for header. -->\n\t<\/h3>\t<!-- Close header tag. -->\n\t<!-- Start collapsible content div. -->\n\t<div class=\"sp-collapse spcollapse spcollapse\" id=\"collapse53670\"  role=\"region\" aria-labelledby=\"ea-header-53670\">  <!-- Content div. -->\n\t\t<div class=\"ea-body\">\n\t\t<p>Beim Inbound-Service geht es nicht nur darum, den Anruf zu beantworten. Mit jeder Interaktion werden unsere Pflegeagenten eine wertvolle Beziehung zu Ihrem Kunden schaffen und Ihnen helfen, Ihr Unternehmen in der N\u00e4he ihrer Erwartungen und Bed\u00fcrfnisse zu halten.<\/p>\n\t\t<\/div> <!-- Close content div. -->\n\t<\/div> <!-- Close collapse div. -->\n<\/div> <!-- Close card div. -->\n<!-- Start accordion card div. -->\n<div class=\"ea-card  sp-ea-single\">\n\t<!-- Start accordion header. -->\n\t<h3 class=\"ea-header\">\n\t\t<!-- Add anchor tag for header. -->\n\t\t<a class=\"collapsed\" id=\"ea-header-53671\" role=\"button\" data-sptoggle=\"spcollapse\" data-sptarget=\"#collapse53671\" aria-controls=\"collapse53671\" href=\"#\"  aria-expanded=\"false\" tabindex=\"0\">\n\t\t<i aria-hidden=\"true\" role=\"presentation\" class=\"ea-expand-icon eap-icon-ea-expand-plus\"><\/i> Ausgehende Dienstleistungen\t\t<\/a> <!-- Close anchor tag for header. -->\n\t<\/h3>\t<!-- Close header tag. -->\n\t<!-- Start collapsible content div. -->\n\t<div class=\"sp-collapse spcollapse spcollapse\" id=\"collapse53671\"  role=\"region\" aria-labelledby=\"ea-header-53671\">  <!-- Content div. -->\n\t\t<div class=\"ea-body\">\n\t\t<p>Sie gewinnen die Aufmerksamkeit Ihrer Kunden innerhalb der ersten Sekunden, nachdem sie das Telefon abgeholt haben. Wir wissen das, und aufgrund der Bedeutung, wer hinter dem Anruf bleibt, den Ihre Kunden erhalten, werden unsere Pflegeagenten sorgf\u00e4ltig ausgew\u00e4hlt, um die Erfahrung und das Verst\u00e4ndnis Ihrer Branche einzubringen.<\/p>\n\t\t<\/div> <!-- Close content div. -->\n\t<\/div> <!-- Close collapse div. -->\n<\/div> <!-- Close card div. -->\n<!-- Start accordion card div. -->\n<div class=\"ea-card  sp-ea-single\">\n\t<!-- Start accordion header. -->\n\t<h3 class=\"ea-header\">\n\t\t<!-- Add anchor tag for header. -->\n\t\t<a class=\"collapsed\" id=\"ea-header-53672\" role=\"button\" data-sptoggle=\"spcollapse\" data-sptarget=\"#collapse53672\" aria-controls=\"collapse53672\" href=\"#\"  aria-expanded=\"false\" tabindex=\"0\">\n\t\t<i aria-hidden=\"true\" role=\"presentation\" class=\"ea-expand-icon eap-icon-ea-expand-plus\"><\/i> E-Mail- und Chat-Unterst\u00fctzung\t\t<\/a> <!-- Close anchor tag for header. -->\n\t<\/h3>\t<!-- Close header tag. -->\n\t<!-- Start collapsible content div. -->\n\t<div class=\"sp-collapse spcollapse spcollapse\" id=\"collapse53672\"  role=\"region\" aria-labelledby=\"ea-header-53672\">  <!-- Content div. -->\n\t\t<div class=\"ea-body\">\n\t\t<p>Chat-Bots und automatische Antworten sind intelligent, aber nicht intelligent genug, um das Gef\u00fchl der pers\u00f6nlichen Interaktion zu bringen. Unsere Pflegeagenten bringen die professionelle Sprache der Sprachinteraktionen in die moderne und dynamische Welt Ihrer Kunden, die keine Zeit zum Reden haben.<\/p>\n\t\t<\/div> <!-- Close content div. -->\n\t<\/div> <!-- Close collapse div. -->\n<\/div> <!-- Close card div. -->\n<!-- Start accordion card div. -->\n<div class=\"ea-card  sp-ea-single\">\n\t<!-- Start accordion header. -->\n\t<h3 class=\"ea-header\">\n\t\t<!-- Add anchor tag for header. -->\n\t\t<a class=\"collapsed\" id=\"ea-header-53673\" role=\"button\" data-sptoggle=\"spcollapse\" data-sptarget=\"#collapse53673\" aria-controls=\"collapse53673\" href=\"#\"  aria-expanded=\"false\" tabindex=\"0\">\n\t\t<i aria-hidden=\"true\" role=\"presentation\" class=\"ea-expand-icon eap-icon-ea-expand-plus\"><\/i> Soziale Medien\t\t<\/a> <!-- Close anchor tag for header. -->\n\t<\/h3>\t<!-- Close header tag. -->\n\t<!-- Start collapsible content div. -->\n\t<div class=\"sp-collapse spcollapse spcollapse\" id=\"collapse53673\"  role=\"region\" aria-labelledby=\"ea-header-53673\">  <!-- Content div. -->\n\t\t<div class=\"ea-body\">\n\t\t<p>Wir wissen, dass dies die Zukunft des Kundenservice ist, und deshalb m\u00f6chten wir Sie auf die Reise der modernen Kundenbetreuungsinteraktionen mitnehmen. Sie nennen den Kanal, den Sie verwenden, um Ihre Produkte zu verkaufen, und wir sagen Ihnen, wie Sie diese nutzen.<\/p>\n\t\t<\/div> <!-- Close content div. -->\n\t<\/div> <!-- Close collapse div. -->\n<\/div> <!-- Close card div. -->\n<!-- Start accordion card div. -->\n<div class=\"ea-card  sp-ea-single\">\n\t<!-- Start accordion header. -->\n\t<h3 class=\"ea-header\">\n\t\t<!-- Add anchor tag for header. -->\n\t\t<a class=\"collapsed\" id=\"ea-header-53674\" role=\"button\" data-sptoggle=\"spcollapse\" data-sptarget=\"#collapse53674\" aria-controls=\"collapse53674\" href=\"#\"  aria-expanded=\"false\" tabindex=\"0\">\n\t\t<i aria-hidden=\"true\" role=\"presentation\" class=\"ea-expand-icon eap-icon-ea-expand-plus\"><\/i> Rund um die Uhr 24\/7 Dienstleistungen\t\t<\/a> <!-- Close anchor tag for header. -->\n\t<\/h3>\t<!-- Close header tag. -->\n\t<!-- Start collapsible content div. -->\n\t<div class=\"sp-collapse spcollapse spcollapse\" id=\"collapse53674\"  role=\"region\" aria-labelledby=\"ea-header-53674\">  <!-- Content div. -->\n\t\t<div class=\"ea-body\">\n\t\t<p>\"Sie rufen au\u00dferhalb der Gesch\u00e4ftszeiten an. Bitte rufen Sie uns zwischen 9 und 17 Uhr an\" - Ist etwas, das Ihre Kunden nie h\u00f6ren werden, wenn Sie sich f\u00fcr unseren Rund-um-die-Uhr-Service entscheiden.<\/p>\n\t\t<\/div> <!-- Close content div. -->\n\t<\/div> <!-- Close collapse div. -->\n<\/div> <!-- Close card div. -->\n<\/div>\n<\/div>\nKLINGT DAS OBEN VERTRAUT?<\/p>\n","protected":false},"author":4,"featured_media":0,"parent":0,"menu_order":0,"comment_status":"closed","ping_status":"closed","template":"","meta":{"_et_pb_use_builder":"on","_et_pb_old_content":"","_et_gb_content_width":"","footnotes":""},"class_list":["post-5372","page","type-page","status-publish","hentry"],"yoast_head":"<!-- This site is optimized with the Yoast SEO plugin v24.9 - https:\/\/yoast.com\/wordpress\/plugins\/seo\/ -->\n<title>KUNDENBETREUUNGSL\u00d6SUNGEN - Todos Consulting<\/title>\n<meta name=\"robots\" content=\"index, follow, max-snippet:-1, max-image-preview:large, max-video-preview:-1\" \/>\n<link rel=\"canonical\" href=\"https:\/\/todosconsulting.com\/de\/kundenbetreuungslosungen\/\" \/>\n<meta property=\"og:locale\" content=\"de_DE\" \/>\n<meta property=\"og:type\" content=\"article\" \/>\n<meta property=\"og:title\" content=\"KUNDENBETREUUNGSL\u00d6SUNGEN - Todos Consulting\" \/>\n<meta property=\"og:description\" content=\"KUNDENBETREUUNGSL\u00d6SUNGENKLINGT DAS OBEN VERTRAUT?\" \/>\n<meta property=\"og:url\" content=\"https:\/\/todosconsulting.com\/de\/kundenbetreuungslosungen\/\" \/>\n<meta property=\"og:site_name\" content=\"Todos Consulting\" \/>\n<meta property=\"article:modified_time\" content=\"2023-12-22T15:59:54+00:00\" \/>\n<meta name=\"twitter:card\" content=\"summary_large_image\" \/>\n<meta name=\"twitter:label1\" content=\"Gesch\u00e4tzte Lesezeit\" \/>\n\t<meta name=\"twitter:data1\" content=\"2\u00a0Minuten\" \/>\n<script type=\"application\/ld+json\" class=\"yoast-schema-graph\">{\"@context\":\"https:\/\/schema.org\",\"@graph\":[{\"@type\":\"WebPage\",\"@id\":\"https:\/\/todosconsulting.com\/de\/kundenbetreuungslosungen\/\",\"url\":\"https:\/\/todosconsulting.com\/de\/kundenbetreuungslosungen\/\",\"name\":\"KUNDENBETREUUNGSL\u00d6SUNGEN - Todos Consulting\",\"isPartOf\":{\"@id\":\"https:\/\/todosconsulting.com\/de\/#website\"},\"datePublished\":\"2021-10-04T07:27:01+00:00\",\"dateModified\":\"2023-12-22T15:59:54+00:00\",\"breadcrumb\":{\"@id\":\"https:\/\/todosconsulting.com\/de\/kundenbetreuungslosungen\/#breadcrumb\"},\"inLanguage\":\"de\",\"potentialAction\":[{\"@type\":\"ReadAction\",\"target\":[\"https:\/\/todosconsulting.com\/de\/kundenbetreuungslosungen\/\"]}]},{\"@type\":\"BreadcrumbList\",\"@id\":\"https:\/\/todosconsulting.com\/de\/kundenbetreuungslosungen\/#breadcrumb\",\"itemListElement\":[{\"@type\":\"ListItem\",\"position\":1,\"name\":\"Home\",\"item\":\"https:\/\/todosconsulting.com\/de\/\"},{\"@type\":\"ListItem\",\"position\":2,\"name\":\"KUNDENBETREUUNGSL\u00d6SUNGEN\"}]},{\"@type\":\"WebSite\",\"@id\":\"https:\/\/todosconsulting.com\/de\/#website\",\"url\":\"https:\/\/todosconsulting.com\/de\/\",\"name\":\"Todos Consulting\",\"description\":\"Website Description\",\"potentialAction\":[{\"@type\":\"SearchAction\",\"target\":{\"@type\":\"EntryPoint\",\"urlTemplate\":\"https:\/\/todosconsulting.com\/de\/?s={search_term_string}\"},\"query-input\":{\"@type\":\"PropertyValueSpecification\",\"valueRequired\":true,\"valueName\":\"search_term_string\"}}],\"inLanguage\":\"de\"}]}<\/script>\n<!-- \/ Yoast SEO plugin. -->","yoast_head_json":{"title":"KUNDENBETREUUNGSL\u00d6SUNGEN - Todos Consulting","robots":{"index":"index","follow":"follow","max-snippet":"max-snippet:-1","max-image-preview":"max-image-preview:large","max-video-preview":"max-video-preview:-1"},"canonical":"https:\/\/todosconsulting.com\/de\/kundenbetreuungslosungen\/","og_locale":"de_DE","og_type":"article","og_title":"KUNDENBETREUUNGSL\u00d6SUNGEN - Todos Consulting","og_description":"KUNDENBETREUUNGSL\u00d6SUNGENKLINGT DAS OBEN VERTRAUT?","og_url":"https:\/\/todosconsulting.com\/de\/kundenbetreuungslosungen\/","og_site_name":"Todos Consulting","article_modified_time":"2023-12-22T15:59:54+00:00","twitter_card":"summary_large_image","twitter_misc":{"Gesch\u00e4tzte Lesezeit":"2\u00a0Minuten"},"schema":{"@context":"https:\/\/schema.org","@graph":[{"@type":"WebPage","@id":"https:\/\/todosconsulting.com\/de\/kundenbetreuungslosungen\/","url":"https:\/\/todosconsulting.com\/de\/kundenbetreuungslosungen\/","name":"KUNDENBETREUUNGSL\u00d6SUNGEN - Todos Consulting","isPartOf":{"@id":"https:\/\/todosconsulting.com\/de\/#website"},"datePublished":"2021-10-04T07:27:01+00:00","dateModified":"2023-12-22T15:59:54+00:00","breadcrumb":{"@id":"https:\/\/todosconsulting.com\/de\/kundenbetreuungslosungen\/#breadcrumb"},"inLanguage":"de","potentialAction":[{"@type":"ReadAction","target":["https:\/\/todosconsulting.com\/de\/kundenbetreuungslosungen\/"]}]},{"@type":"BreadcrumbList","@id":"https:\/\/todosconsulting.com\/de\/kundenbetreuungslosungen\/#breadcrumb","itemListElement":[{"@type":"ListItem","position":1,"name":"Home","item":"https:\/\/todosconsulting.com\/de\/"},{"@type":"ListItem","position":2,"name":"KUNDENBETREUUNGSL\u00d6SUNGEN"}]},{"@type":"WebSite","@id":"https:\/\/todosconsulting.com\/de\/#website","url":"https:\/\/todosconsulting.com\/de\/","name":"Todos Consulting","description":"Website Description","potentialAction":[{"@type":"SearchAction","target":{"@type":"EntryPoint","urlTemplate":"https:\/\/todosconsulting.com\/de\/?s={search_term_string}"},"query-input":{"@type":"PropertyValueSpecification","valueRequired":true,"valueName":"search_term_string"}}],"inLanguage":"de"}]}},"_links":{"self":[{"href":"https:\/\/todosconsulting.com\/de\/wp-json\/wp\/v2\/pages\/5372","targetHints":{"allow":["GET"]}}],"collection":[{"href":"https:\/\/todosconsulting.com\/de\/wp-json\/wp\/v2\/pages"}],"about":[{"href":"https:\/\/todosconsulting.com\/de\/wp-json\/wp\/v2\/types\/page"}],"author":[{"embeddable":true,"href":"https:\/\/todosconsulting.com\/de\/wp-json\/wp\/v2\/users\/4"}],"replies":[{"embeddable":true,"href":"https:\/\/todosconsulting.com\/de\/wp-json\/wp\/v2\/comments?post=5372"}],"version-history":[{"count":7,"href":"https:\/\/todosconsulting.com\/de\/wp-json\/wp\/v2\/pages\/5372\/revisions"}],"predecessor-version":[{"id":5443,"href":"https:\/\/todosconsulting.com\/de\/wp-json\/wp\/v2\/pages\/5372\/revisions\/5443"}],"wp:attachment":[{"href":"https:\/\/todosconsulting.com\/de\/wp-json\/wp\/v2\/media?parent=5372"}],"curies":[{"name":"wp","href":"https:\/\/api.w.org\/{rel}","templated":true}]}}