{"id":5204,"date":"2021-09-29T18:32:28","date_gmt":"2021-09-29T18:32:28","guid":{"rendered":"https:\/\/todosconsulting.com\/kontakt\/"},"modified":"2023-12-14T14:56:21","modified_gmt":"2023-12-14T14:56:21","slug":"kontakt","status":"publish","type":"page","link":"https:\/\/todosconsulting.com\/de\/kontakt\/","title":{"rendered":"Kontakt"},"content":{"rendered":"<p>[et_pb_section fb_built=&#8220;1&#8243; _builder_version=&#8220;4.9.10&#8243; _module_preset=&#8220;default&#8220; custom_margin=&#8220;||||false|false&#8220; custom_padding=&#8220;140px||||false|false&#8220;][et_pb_row custom_padding_last_edited=&#8220;on|phone&#8220; _builder_version=&#8220;4.9.10&#8243; _module_preset=&#8220;default&#8220; width=&#8220;100%&#8220; width_tablet=&#8220;90%&#8220; width_phone=&#8220;100%&#8220; width_last_edited=&#8220;on|phone&#8220; max_width=&#8220;none&#8220; custom_padding_tablet=&#8220;&#8220; custom_padding_phone=&#8220;|30px||30px|false|true&#8220; custom_padding=&#8220;||29px|||&#8220;][et_pb_column type=&#8220;4_4&#8243; _builder_version=&#8220;4.9.10&#8243; _module_preset=&#8220;default&#8220;][et_pb_text disabled_on=&#8220;on|on|off&#8220; _builder_version=&#8220;4.9.10&#8243; _module_preset=&#8220;default&#8220; header_2_font=&#8220;Montserrat|700|||||||&#8220; header_2_text_align=&#8220;center&#8220; header_2_text_color=&#8220;#4f4f4f&#8220; header_2_font_size=&#8220;48px&#8220; header_2_line_height=&#8220;48px&#8220; animation_style=&#8220;slide&#8220; animation_direction=&#8220;top&#8220; animation_duration=&#8220;700ms&#8220; animation_intensity_slide=&#8220;12%&#8220; animation_speed_curve=&#8220;ease-out&#8220; hover_enabled=&#8220;0&#8243; custom_padding=&#8220;||4px|||&#8220; sticky_enabled=&#8220;0&#8243;]<\/p>\n<h2>Teilen Sie uns mit, wie wir damit beginnen k\u00f6nnen,<br \/>\n<span class=\"text-gradient\">uns um Ihr Gesch\u00e4ft zu k\u00fcmmern?<\/span><\/h2>\n<p>[\/et_pb_text][et_pb_text disabled_on=&#8220;off|off|on&#8220; _builder_version=&#8220;4.9.10&#8243; _module_preset=&#8220;default&#8220; header_2_font=&#8220;Montserrat|700|||||||&#8220; header_2_text_align=&#8220;center&#8220; header_2_text_color=&#8220;#4f4f4f&#8220; header_2_font_size=&#8220;36px&#8220; header_2_line_height=&#8220;36px&#8220; custom_padding=&#8220;||2px|||&#8220;]<\/p>\n<h2>Teilen Sie uns mit, wie wir damit beginnen k\u00f6nnen, <span class=\"text-gradient\">uns um Ihr Gesch\u00e4ft zu k\u00fcmmern<\/span>?<\/h2>\n<p>[\/et_pb_text][\/et_pb_column][\/et_pb_row][et_pb_row custom_padding_last_edited=&#8220;on|phone&#8220; _builder_version=&#8220;4.9.10&#8243; _module_preset=&#8220;default&#8220; width=&#8220;800px&#8220; width_tablet=&#8220;90%&#8220; width_phone=&#8220;100%&#8220; width_last_edited=&#8220;on|phone&#8220; max_width=&#8220;none&#8220; custom_padding_tablet=&#8220;&#8220; custom_padding_phone=&#8220;|30px||30px|false|true&#8220; animation_style=&#8220;fade&#8220; animation_duration=&#8220;500ms&#8220; animation_delay=&#8220;300ms&#8220;][et_pb_column type=&#8220;4_4&#8243; _builder_version=&#8220;4.9.10&#8243; _module_preset=&#8220;default&#8220;][et_pb_contact_form captcha=&#8220;off&#8220; email=&#8220;info@todosconsulting.com&#8220; custom_message=&#8220;Name: %%Name%%||et_pb_line_break_holder||Email: %%Email%%||et_pb_line_break_holder||Message: %%Message%%&#8220; submit_button_text=&#8220;SENDEN&#8220; _builder_version=&#8220;4.9.10&#8243; _module_preset=&#8220;default&#8220; form_field_background_color=&#8220;RGBA(0,0,0,0)&#8220; form_field_text_color=&#8220;#b6b6b6&#8243; form_field_focus_text_color=&#8220;#000000&#8243; form_field_font=&#8220;Montserrat||||||||&#8220; form_field_font_size=&#8220;16px&#8220; form_field_line_height=&#8220;20px&#8220; custom_button=&#8220;on&#8220; button_text_size=&#8220;12px&#8220; button_text_color=&#8220;#FFFFFF&#8220; button_bg_color=&#8220;gcid-659082c7-a9ad-48f1-9dbb-8b65aec7771f&#8220; button_border_width=&#8220;0px&#8220; button_border_radius=&#8220;0px&#8220; button_letter_spacing=&#8220;2px&#8220; button_font=&#8220;Montserrat|600|||||||&#8220; button_icon=&#8220;%%5%%&#8220; button_on_hover=&#8220;off&#8220; button_custom_padding=&#8220;13px|50px|12px|40px|false|false&#8220; custom_css_contact_button=&#8220;margin-top: 60px;&#8220; border_width_bottom=&#8220;1px&#8220; border_color_bottom=&#8220;rgba(0,0,0,0.13)&#8220; global_colors_info=&#8220;{%22gcid-659082c7-a9ad-48f1-9dbb-8b65aec7771f%22:%91%22button_bg_color%22%93}&#8220; custom_css_contact_button_last_edited=&#8220;on|phone&#8220; custom_css_contact_button_phone=&#8220;width: 98%;||margin-top: 60px;||margin-left: 10px;&#8220;][et_pb_contact_field field_id=&#8220;Name&#8220; field_title=&#8220;Name&#8220; _builder_version=&#8220;3.16&#8243; button_text_size__hover_enabled=&#8220;off&#8220; button_one_text_size__hover_enabled=&#8220;off&#8220; button_two_text_size__hover_enabled=&#8220;off&#8220; button_text_color__hover_enabled=&#8220;off&#8220; button_one_text_color__hover_enabled=&#8220;off&#8220; button_two_text_color__hover_enabled=&#8220;off&#8220; button_border_width__hover_enabled=&#8220;off&#8220; button_one_border_width__hover_enabled=&#8220;off&#8220; button_two_border_width__hover_enabled=&#8220;off&#8220; button_border_color__hover_enabled=&#8220;off&#8220; button_one_border_color__hover_enabled=&#8220;off&#8220; button_two_border_color__hover_enabled=&#8220;off&#8220; button_border_radius__hover_enabled=&#8220;off&#8220; button_one_border_radius__hover_enabled=&#8220;off&#8220; button_two_border_radius__hover_enabled=&#8220;off&#8220; button_letter_spacing__hover_enabled=&#8220;off&#8220; button_one_letter_spacing__hover_enabled=&#8220;off&#8220; button_two_letter_spacing__hover_enabled=&#8220;off&#8220; button_bg_color__hover_enabled=&#8220;off&#8220; button_one_bg_color__hover_enabled=&#8220;off&#8220; button_two_bg_color__hover_enabled=&#8220;off&#8220;][\/et_pb_contact_field][et_pb_contact_field field_id=&#8220;Email&#8220; field_title=&#8220;E-Mail-Adresse&#8220; field_type=&#8220;email&#8220; _builder_version=&#8220;3.16&#8243; button_text_size__hover_enabled=&#8220;off&#8220; button_one_text_size__hover_enabled=&#8220;off&#8220; button_two_text_size__hover_enabled=&#8220;off&#8220; button_text_color__hover_enabled=&#8220;off&#8220; button_one_text_color__hover_enabled=&#8220;off&#8220; button_two_text_color__hover_enabled=&#8220;off&#8220; button_border_width__hover_enabled=&#8220;off&#8220; button_one_border_width__hover_enabled=&#8220;off&#8220; button_two_border_width__hover_enabled=&#8220;off&#8220; button_border_color__hover_enabled=&#8220;off&#8220; button_one_border_color__hover_enabled=&#8220;off&#8220; button_two_border_color__hover_enabled=&#8220;off&#8220; button_border_radius__hover_enabled=&#8220;off&#8220; button_one_border_radius__hover_enabled=&#8220;off&#8220; button_two_border_radius__hover_enabled=&#8220;off&#8220; button_letter_spacing__hover_enabled=&#8220;off&#8220; button_one_letter_spacing__hover_enabled=&#8220;off&#8220; button_two_letter_spacing__hover_enabled=&#8220;off&#8220; button_bg_color__hover_enabled=&#8220;off&#8220; button_one_bg_color__hover_enabled=&#8220;off&#8220; button_two_bg_color__hover_enabled=&#8220;off&#8220;][\/et_pb_contact_field][et_pb_contact_field field_id=&#8220;Message&#8220; field_title=&#8220;Nachricht&#8220; field_type=&#8220;text&#8220; fullwidth_field=&#8220;on&#8220; _builder_version=&#8220;4.9.10&#8243; button_text_size__hover_enabled=&#8220;off&#8220; button_one_text_size__hover_enabled=&#8220;off&#8220; button_two_text_size__hover_enabled=&#8220;off&#8220; button_text_color__hover_enabled=&#8220;off&#8220; button_one_text_color__hover_enabled=&#8220;off&#8220; button_two_text_color__hover_enabled=&#8220;off&#8220; button_border_width__hover_enabled=&#8220;off&#8220; button_one_border_width__hover_enabled=&#8220;off&#8220; button_two_border_width__hover_enabled=&#8220;off&#8220; button_border_color__hover_enabled=&#8220;off&#8220; button_one_border_color__hover_enabled=&#8220;off&#8220; button_two_border_color__hover_enabled=&#8220;off&#8220; button_border_radius__hover_enabled=&#8220;off&#8220; button_one_border_radius__hover_enabled=&#8220;off&#8220; button_two_border_radius__hover_enabled=&#8220;off&#8220; button_letter_spacing__hover_enabled=&#8220;off&#8220; button_one_letter_spacing__hover_enabled=&#8220;off&#8220; button_two_letter_spacing__hover_enabled=&#8220;off&#8220; button_bg_color__hover_enabled=&#8220;off&#8220; button_one_bg_color__hover_enabled=&#8220;off&#8220; button_two_bg_color__hover_enabled=&#8220;off&#8220;][\/et_pb_contact_field][\/et_pb_contact_form][\/et_pb_column][\/et_pb_row][et_pb_row _builder_version=&#8220;4.9.10&#8243; _module_preset=&#8220;default&#8220; width=&#8220;100%&#8220; max_width=&#8220;none&#8220; custom_margin=&#8220;120px|auto||auto||&#8220;][et_pb_column type=&#8220;4_4&#8243; _builder_version=&#8220;4.9.10&#8243; _module_preset=&#8220;default&#8220;][et_pb_text disabled_on=&#8220;on|on|off&#8220; _builder_version=&#8220;4.9.10&#8243; _module_preset=&#8220;default&#8220; header_2_font=&#8220;Montserrat|500|||||||&#8220; header_2_text_align=&#8220;center&#8220; header_2_text_color=&#8220;#4f4f4f&#8220; header_2_font_size=&#8220;48px&#8220; header_2_line_height=&#8220;48px&#8220; custom_margin=&#8220;||0px||false|false&#8220;]<\/p>\n<h2>Besser noch, treffen Sie uns pers\u00f6nlich!<\/h2>\n<p>[\/et_pb_text][et_pb_text disabled_on=&#8220;off|on|on&#8220; _builder_version=&#8220;4.9.10&#8243; _module_preset=&#8220;default&#8220; header_2_font=&#8220;Montserrat|500|||||||&#8220; header_2_text_align=&#8220;center&#8220; header_2_text_color=&#8220;#4f4f4f&#8220; header_2_font_size=&#8220;36px&#8220; header_2_line_height=&#8220;36px&#8220; custom_margin=&#8220;||0px||false|false&#8220;]<\/p>\n<h2>Besser noch, treffen Sie<br \/>\nuns pers\u00f6nlich!<\/h2>\n<p>[\/et_pb_text][et_pb_text disabled_on=&#8220;on|off|on&#8220; _builder_version=&#8220;4.9.10&#8243; _module_preset=&#8220;default&#8220; header_2_font=&#8220;Montserrat|500|||||||&#8220; header_2_text_align=&#8220;center&#8220; header_2_text_color=&#8220;#4f4f4f&#8220; header_2_font_size=&#8220;36px&#8220; header_2_line_height=&#8220;36px&#8220; custom_margin=&#8220;||0px||false|false&#8220;]<\/p>\n<h2>Besser noch, treffen Sie uns pers\u00f6nlich!<\/h2>\n<p>[\/et_pb_text][et_pb_text _builder_version=&#8220;4.9.10&#8243; _module_preset=&#8220;default&#8220; text_font=&#8220;Montserrat||||||||&#8220; text_text_color=&#8220;#565656&#8243; text_font_size=&#8220;16px&#8220; text_line_height=&#8220;20px&#8220; header_2_font=&#8220;Montserrat|500|||||||&#8220; header_2_text_align=&#8220;center&#8220; header_2_text_color=&#8220;#4f4f4f&#8220; header_2_font_size=&#8220;48px&#8220; header_2_line_height=&#8220;48px&#8220; text_orientation=&#8220;center&#8220; custom_margin=&#8220;||||false|false&#8220;]Todos 2004 EOOD Bul. San Stefano 107 8001 Burgas, Bulgaria[\/et_pb_text][\/et_pb_column][\/et_pb_row][\/et_pb_section]<\/p>\n","protected":false},"excerpt":{"rendered":"<p>Teilen Sie uns mit, wie wir damit beginnen k\u00f6nnen, uns um Ihr Gesch\u00e4ft zu k\u00fcmmern?Teilen Sie uns mit, wie wir damit beginnen k\u00f6nnen, uns um Ihr Gesch\u00e4ft zu k\u00fcmmern?Besser noch, treffen Sie uns pers\u00f6nlich!Besser noch, treffen Sie uns pers\u00f6nlich!Besser noch, treffen Sie uns pers\u00f6nlich!Todos 2004 EOOD Bul. San Stefano 107 8001 Burgas, Bulgaria<\/p>\n","protected":false},"author":4,"featured_media":0,"parent":0,"menu_order":0,"comment_status":"closed","ping_status":"closed","template":"","meta":{"_et_pb_use_builder":"on","_et_pb_old_content":"","_et_gb_content_width":"","footnotes":""},"class_list":["post-5204","page","type-page","status-publish","hentry"],"yoast_head":"<!-- This site is optimized with the Yoast SEO plugin v24.9 - https:\/\/yoast.com\/wordpress\/plugins\/seo\/ -->\n<title>Kontakt - Todos Consulting<\/title>\n<meta name=\"description\" content=\"Teilen Sie uns mit, wie wir damit beginnen k\u00f6nnen, uns um Ihr Gesch\u00e4ft zu k\u00fcmmern?\" \/>\n<meta name=\"robots\" content=\"index, follow, max-snippet:-1, max-image-preview:large, max-video-preview:-1\" \/>\n<link rel=\"canonical\" href=\"https:\/\/todosconsulting.com\/de\/kontakt\/\" \/>\n<meta property=\"og:locale\" content=\"de_DE\" \/>\n<meta property=\"og:type\" content=\"article\" \/>\n<meta property=\"og:title\" content=\"Kontakt - Todos Consulting\" \/>\n<meta property=\"og:description\" content=\"Teilen Sie uns mit, wie wir damit beginnen k\u00f6nnen, uns um Ihr Gesch\u00e4ft zu k\u00fcmmern?\" \/>\n<meta property=\"og:url\" content=\"https:\/\/todosconsulting.com\/de\/kontakt\/\" \/>\n<meta property=\"og:site_name\" content=\"Todos Consulting\" \/>\n<meta property=\"article:modified_time\" content=\"2023-12-14T14:56:21+00:00\" \/>\n<meta name=\"twitter:card\" content=\"summary_large_image\" \/>\n<meta name=\"twitter:title\" content=\"Kontakt - Todos Consulting\" \/>\n<meta name=\"twitter:description\" content=\"Teilen Sie uns mit, wie wir damit beginnen k\u00f6nnen, uns um Ihr Gesch\u00e4ft zu k\u00fcmmern?\" \/>\n<meta name=\"twitter:label1\" content=\"Gesch\u00e4tzte Lesezeit\" \/>\n\t<meta name=\"twitter:data1\" content=\"6\u00a0Minuten\" \/>\n<script type=\"application\/ld+json\" class=\"yoast-schema-graph\">{\"@context\":\"https:\/\/schema.org\",\"@graph\":[{\"@type\":\"WebPage\",\"@id\":\"https:\/\/todosconsulting.com\/de\/kontakt\/\",\"url\":\"https:\/\/todosconsulting.com\/de\/kontakt\/\",\"name\":\"Kontakt - Todos Consulting\",\"isPartOf\":{\"@id\":\"https:\/\/todosconsulting.com\/de\/#website\"},\"datePublished\":\"2021-09-29T18:32:28+00:00\",\"dateModified\":\"2023-12-14T14:56:21+00:00\",\"description\":\"Teilen Sie uns mit, wie wir damit beginnen k\u00f6nnen, uns um Ihr Gesch\u00e4ft zu k\u00fcmmern?\",\"breadcrumb\":{\"@id\":\"https:\/\/todosconsulting.com\/de\/kontakt\/#breadcrumb\"},\"inLanguage\":\"de\",\"potentialAction\":[{\"@type\":\"ReadAction\",\"target\":[\"https:\/\/todosconsulting.com\/de\/kontakt\/\"]}]},{\"@type\":\"BreadcrumbList\",\"@id\":\"https:\/\/todosconsulting.com\/de\/kontakt\/#breadcrumb\",\"itemListElement\":[{\"@type\":\"ListItem\",\"position\":1,\"name\":\"Home\",\"item\":\"https:\/\/todosconsulting.com\/de\/\"},{\"@type\":\"ListItem\",\"position\":2,\"name\":\"Kontakt\"}]},{\"@type\":\"WebSite\",\"@id\":\"https:\/\/todosconsulting.com\/de\/#website\",\"url\":\"https:\/\/todosconsulting.com\/de\/\",\"name\":\"Todos Consulting\",\"description\":\"Website Description\",\"potentialAction\":[{\"@type\":\"SearchAction\",\"target\":{\"@type\":\"EntryPoint\",\"urlTemplate\":\"https:\/\/todosconsulting.com\/de\/?s={search_term_string}\"},\"query-input\":{\"@type\":\"PropertyValueSpecification\",\"valueRequired\":true,\"valueName\":\"search_term_string\"}}],\"inLanguage\":\"de\"}]}<\/script>\n<!-- \/ Yoast SEO plugin. -->","yoast_head_json":{"title":"Kontakt - Todos Consulting","description":"Teilen Sie uns mit, wie wir damit beginnen k\u00f6nnen, uns um Ihr Gesch\u00e4ft zu k\u00fcmmern?","robots":{"index":"index","follow":"follow","max-snippet":"max-snippet:-1","max-image-preview":"max-image-preview:large","max-video-preview":"max-video-preview:-1"},"canonical":"https:\/\/todosconsulting.com\/de\/kontakt\/","og_locale":"de_DE","og_type":"article","og_title":"Kontakt - Todos Consulting","og_description":"Teilen Sie uns mit, wie wir damit beginnen k\u00f6nnen, uns um Ihr Gesch\u00e4ft zu k\u00fcmmern?","og_url":"https:\/\/todosconsulting.com\/de\/kontakt\/","og_site_name":"Todos Consulting","article_modified_time":"2023-12-14T14:56:21+00:00","twitter_card":"summary_large_image","twitter_title":"Kontakt - Todos Consulting","twitter_description":"Teilen Sie uns mit, wie wir damit beginnen k\u00f6nnen, uns um Ihr Gesch\u00e4ft zu k\u00fcmmern?","twitter_misc":{"Gesch\u00e4tzte Lesezeit":"6\u00a0Minuten"},"schema":{"@context":"https:\/\/schema.org","@graph":[{"@type":"WebPage","@id":"https:\/\/todosconsulting.com\/de\/kontakt\/","url":"https:\/\/todosconsulting.com\/de\/kontakt\/","name":"Kontakt - Todos Consulting","isPartOf":{"@id":"https:\/\/todosconsulting.com\/de\/#website"},"datePublished":"2021-09-29T18:32:28+00:00","dateModified":"2023-12-14T14:56:21+00:00","description":"Teilen Sie uns mit, wie wir damit beginnen k\u00f6nnen, uns um Ihr Gesch\u00e4ft zu k\u00fcmmern?","breadcrumb":{"@id":"https:\/\/todosconsulting.com\/de\/kontakt\/#breadcrumb"},"inLanguage":"de","potentialAction":[{"@type":"ReadAction","target":["https:\/\/todosconsulting.com\/de\/kontakt\/"]}]},{"@type":"BreadcrumbList","@id":"https:\/\/todosconsulting.com\/de\/kontakt\/#breadcrumb","itemListElement":[{"@type":"ListItem","position":1,"name":"Home","item":"https:\/\/todosconsulting.com\/de\/"},{"@type":"ListItem","position":2,"name":"Kontakt"}]},{"@type":"WebSite","@id":"https:\/\/todosconsulting.com\/de\/#website","url":"https:\/\/todosconsulting.com\/de\/","name":"Todos Consulting","description":"Website Description","potentialAction":[{"@type":"SearchAction","target":{"@type":"EntryPoint","urlTemplate":"https:\/\/todosconsulting.com\/de\/?s={search_term_string}"},"query-input":{"@type":"PropertyValueSpecification","valueRequired":true,"valueName":"search_term_string"}}],"inLanguage":"de"}]}},"_links":{"self":[{"href":"https:\/\/todosconsulting.com\/de\/wp-json\/wp\/v2\/pages\/5204","targetHints":{"allow":["GET"]}}],"collection":[{"href":"https:\/\/todosconsulting.com\/de\/wp-json\/wp\/v2\/pages"}],"about":[{"href":"https:\/\/todosconsulting.com\/de\/wp-json\/wp\/v2\/types\/page"}],"author":[{"embeddable":true,"href":"https:\/\/todosconsulting.com\/de\/wp-json\/wp\/v2\/users\/4"}],"replies":[{"embeddable":true,"href":"https:\/\/todosconsulting.com\/de\/wp-json\/wp\/v2\/comments?post=5204"}],"version-history":[{"count":8,"href":"https:\/\/todosconsulting.com\/de\/wp-json\/wp\/v2\/pages\/5204\/revisions"}],"predecessor-version":[{"id":5301,"href":"https:\/\/todosconsulting.com\/de\/wp-json\/wp\/v2\/pages\/5204\/revisions\/5301"}],"wp:attachment":[{"href":"https:\/\/todosconsulting.com\/de\/wp-json\/wp\/v2\/media?parent=5204"}],"curies":[{"name":"wp","href":"https:\/\/api.w.org\/{rel}","templated":true}]}}