{"id":5188,"date":"2021-09-29T12:22:44","date_gmt":"2021-09-29T12:22:44","guid":{"rendered":"https:\/\/todosconsulting.com\/ueber-uns\/"},"modified":"2024-12-09T12:25:20","modified_gmt":"2024-12-09T12:25:20","slug":"ueber-uns","status":"publish","type":"page","link":"https:\/\/todosconsulting.com\/de\/ueber-uns\/","title":{"rendered":"\u00dcBER UNS"},"content":{"rendered":"<p>[et_pb_section fb_built=&#8220;1&#8243; disabled_on=&#8220;on|on|off&#8220; _builder_version=&#8220;4.16&#8243; _module_preset=&#8220;default&#8220; background_color=&#8220;#fcfcfc&#8220; background_image=&#8220;http:\/\/todosconsulting.com\/wp-content\/uploads\/2021\/10\/about-bg.jpg&#8220; background_position=&#8220;center_left&#8220; global_colors_info=&#8220;{}&#8220;][et_pb_row _builder_version=&#8220;4.16&#8243; _module_preset=&#8220;default&#8220; width=&#8220;68%&#8220; max_width=&#8220;none&#8220; global_colors_info=&#8220;{}&#8220;][et_pb_column type=&#8220;4_4&#8243; _builder_version=&#8220;4.16&#8243; _module_preset=&#8220;default&#8220; global_colors_info=&#8220;{}&#8220;][et_pb_text _builder_version=&#8220;4.16&#8243; _module_preset=&#8220;default&#8220; header_2_font=&#8220;Montserrat|600|||||||&#8220; header_2_text_color=&#8220;#565656&#8243; header_2_font_size=&#8220;36px&#8220; header_2_line_height=&#8220;44px&#8220; global_colors_info=&#8220;{}&#8220;]<\/p>\n<h2>EINE <span class=\"text-gradient\">WAHRE PARTNERSCHAFT<\/span> DURCH KOMBINATION VON FACHWISSEN UM VORZ\u00dcGLICHKEIT ZU ERLANGEN!<\/h2>\n<p>[\/et_pb_text][et_pb_text _builder_version=&#8220;4.16&#8243; _module_preset=&#8220;default&#8220; text_font=&#8220;Montserrat||||||||&#8220; text_text_color=&#8220;#565656&#8243; text_font_size=&#8220;16px&#8220; text_line_height=&#8220;20px&#8220; header_3_font=&#8220;Montserrat|700|||||||&#8220; header_3_text_color=&#8220;#565656&#8243; header_3_font_size=&#8220;20px&#8220; header_3_line_height=&#8220;48px&#8220; custom_margin=&#8220;||40px||false|false&#8220; global_colors_info=&#8220;{}&#8220;]<\/p>\n<h3>\u201cTODOS Consulting\u201d &amp; \u201c11880 Internet Services AG\u201d<\/h3>\n<p><span style=\"font-weight: 400 !important;\">In der dynamischen Business-Welt sind Unternehmen, die flexibel und aufgeschlossen f\u00fcr eine Zusammenarbeit bleiben, auf dem richtigen Weg, die besten L\u00f6sungen auf dem Markt bereitzustellen.<\/span> <span style=\"font-weight: 400 !important;\">Aus diesem Grund arbeiten TODOS und die 11880 zusammen und bringen eine neue Herangehensweise auf den Markt, die kreiert wurde, um ausgezeichneten Kundenservices bereitzustellen. <span style=\"font-weight: 400 !important;\">Mit der Erfahrung und dem Fachwissen unserer mehrsprachigen Kundenbetreuerinnen und Kundenbetreuer, die weltweit ans\u00e4ssig sind, kombiniert mit mehr als 25 Jahren an bewiesener Vorz\u00fcglichkeit in Kontaktzentren der 11880, k\u00f6nnen wir voller Stolz sagen, dass wir auf Erfolgskurs sind.<\/span><\/span><\/p>\n<p>[\/et_pb_text][et_pb_button button_url=&#8220;https:\/\/www.11880.com\/&#8220; button_text=&#8220;11880.COM&#8220; button_alignment=&#8220;left&#8220; _builder_version=&#8220;4.16&#8243; _module_preset=&#8220;default&#8220; custom_button=&#8220;on&#8220; button_text_size=&#8220;12px&#8220; button_text_color=&#8220;#FFFFFF&#8220; button_bg_color=&#8220;#1eabe2&#8243; button_border_width=&#8220;0px&#8220; button_border_radius=&#8220;0px&#8220; button_letter_spacing=&#8220;1px&#8220; button_font=&#8220;Montserrat|600|||||||&#8220; button_use_icon=&#8220;off&#8220; position_origin_a=&#8220;bottom_center&#8220; vertical_offset=&#8220;-117px&#8220; custom_margin=&#8220;||||false|false&#8220; custom_padding=&#8220;15px|60px|15px|60px|true|true&#8220; global_colors_info=&#8220;{}&#8220; button_bg_color__hover_enabled=&#8220;on|hover&#8220; button_bg_color__hover=&#8220;rgba(99,192,227,0.8)&#8220; button_bg_enable_color__hover=&#8220;on&#8220;][\/et_pb_button][\/et_pb_column][\/et_pb_row][\/et_pb_section][et_pb_section fb_built=&#8220;1&#8243; disabled_on=&#8220;off|off|on&#8220; _builder_version=&#8220;4.16&#8243; _module_preset=&#8220;default&#8220; background_color=&#8220;#fcfcfc&#8220; background_image=&#8220;http:\/\/todosconsulting.com\/wp-content\/uploads\/2021\/10\/about-bg.jpg&#8220; background_size=&#8220;initial&#8220; background_position=&#8220;center_right&#8220; global_colors_info=&#8220;{}&#8220;][et_pb_row custom_padding_last_edited=&#8220;on|phone&#8220; _builder_version=&#8220;4.16&#8243; _module_preset=&#8220;default&#8220; width=&#8220;68%&#8220; width_tablet=&#8220;90%&#8220; width_phone=&#8220;100%&#8220; width_last_edited=&#8220;on|phone&#8220; max_width=&#8220;none&#8220; custom_padding_tablet=&#8220;&#8220; custom_padding_phone=&#8220;|30px||30px|false|true&#8220; global_colors_info=&#8220;{}&#8220;][et_pb_column type=&#8220;4_4&#8243; _builder_version=&#8220;4.16&#8243; _module_preset=&#8220;default&#8220; global_colors_info=&#8220;{}&#8220;][et_pb_text _builder_version=&#8220;4.16&#8243; _module_preset=&#8220;default&#8220; header_2_font=&#8220;Montserrat|600|||||||&#8220; header_2_text_color=&#8220;#565656&#8243; header_2_font_size=&#8220;36px&#8220; header_2_line_height=&#8220;44px&#8220; global_colors_info=&#8220;{}&#8220;]<\/p>\n<h2>EINE <span class=\"text-gradient\">WAHRE PARTNERSCHAFT<\/span> DURCH KOMBINATION VON FACHWISSEN UM VORZ\u00dcGLICHKEIT ZU ERLANGEN!<\/h2>\n<p>[\/et_pb_text][et_pb_text _builder_version=&#8220;4.16&#8243; _module_preset=&#8220;default&#8220; text_font=&#8220;Montserrat||||||||&#8220; text_text_color=&#8220;#565656&#8243; text_font_size=&#8220;16px&#8220; text_line_height=&#8220;20px&#8220; header_3_font=&#8220;Montserrat|700|||||||&#8220; header_3_text_color=&#8220;#565656&#8243; header_3_font_size=&#8220;20px&#8220; header_3_line_height=&#8220;48px&#8220; custom_margin=&#8220;||40px||false|false&#8220; global_colors_info=&#8220;{}&#8220;]<\/p>\n<h3>\u201cTODOS Consulting\u201d &amp; \u201c11880 Internet Services AG\u201d<\/h3>\n<p><span style=\"font-weight: 400 !important;\">In der dynamischen Business-Welt sind Unternehmen, die flexibel und aufgeschlossen f\u00fcr eine Zusammenarbeit bleiben, auf dem richtigen Weg, die besten L\u00f6sungen auf dem Markt bereitzustellen.<\/span> <span style=\"font-weight: 400 !important;\">Aus diesem Grund arbeiten TODOS und die 11880 zusammen und bringen eine neue Herangehensweise auf den Markt, die kreiert wurde, um ausgezeichneten Kundenservices bereitzustellen. <span style=\"font-weight: 400 !important;\">Mit der Erfahrung und dem Fachwissen unserer mehrsprachigen Kundenbetreuerinnen und Kundenbetreuer, die weltweit ans\u00e4ssig sind, kombiniert mit mehr als 25 Jahren an bewiesener Vorz\u00fcglichkeit in Kontaktzentren der 11880, k\u00f6nnen wir voller Stolz sagen, dass wir auf Erfolgskurs sind.<\/span><\/span><\/p>\n<p>[\/et_pb_text][et_pb_button button_url=&#8220;https:\/\/www.11880.com\/&#8220; button_text=&#8220;11880.COM&#8220; button_alignment=&#8220;left&#8220; disabled_on=&#8220;on|off|off&#8220; _builder_version=&#8220;4.16&#8243; _module_preset=&#8220;default&#8220; custom_button=&#8220;on&#8220; button_text_size=&#8220;12px&#8220; button_text_color=&#8220;#FFFFFF&#8220; button_bg_color=&#8220;#1eabe2&#8243; button_border_width=&#8220;0px&#8220; button_border_radius=&#8220;0px&#8220; button_letter_spacing=&#8220;1px&#8220; button_font=&#8220;Montserrat|600|||||||&#8220; button_use_icon=&#8220;off&#8220; position_origin_a=&#8220;bottom_center&#8220; vertical_offset=&#8220;-117px&#8220; custom_margin=&#8220;||||false|false&#8220; custom_padding=&#8220;15px|60px|15px|60px|true|true&#8220; global_colors_info=&#8220;{}&#8220; button_bg_color__hover_enabled=&#8220;on|hover&#8220; button_bg_color__hover=&#8220;rgba(99,192,227,0.8)&#8220; button_bg_enable_color__hover=&#8220;on&#8220;][\/et_pb_button][et_pb_button button_url=&#8220;https:\/\/www.11880.com\/&#8220; button_text=&#8220;11880.COM&#8220; button_alignment=&#8220;center&#8220; disabled_on=&#8220;off|on|on&#8220; _builder_version=&#8220;4.16&#8243; _module_preset=&#8220;default&#8220; custom_button=&#8220;on&#8220; button_text_size=&#8220;12px&#8220; button_text_color=&#8220;#FFFFFF&#8220; button_bg_color=&#8220;#1eabe2&#8243; button_border_width=&#8220;0px&#8220; button_border_radius=&#8220;0px&#8220; button_letter_spacing=&#8220;1px&#8220; button_font=&#8220;Montserrat|600|||||||&#8220; button_use_icon=&#8220;off&#8220; position_origin_a=&#8220;bottom_center&#8220; vertical_offset=&#8220;-117px&#8220; custom_margin=&#8220;||||false|false&#8220; custom_padding=&#8220;15px|60px|15px|60px|true|true&#8220; custom_css_main_element=&#8220;width: 100%;&#8220; global_colors_info=&#8220;{}&#8220; button_bg_color__hover_enabled=&#8220;on|hover&#8220; button_bg_color__hover=&#8220;rgba(99,192,227,0.8)&#8220; button_bg_enable_color__hover=&#8220;on&#8220;][\/et_pb_button][\/et_pb_column][\/et_pb_row][\/et_pb_section]<\/p>\n","protected":false},"excerpt":{"rendered":"<p>EINE WAHRE PARTNERSCHAFT DURCH KOMBINATION VON FACHWISSEN UM VORZ\u00dcGLICHKEIT ZU ERLANGEN!\u201cTODOS Consulting\u201d &amp; \u201c11880 Internet Services AG\u201d In der dynamischen Business-Welt sind Unternehmen, die flexibel und aufgeschlossen f\u00fcr eine Zusammenarbeit bleiben, auf dem richtigen Weg, die besten L\u00f6sungen auf dem Markt bereitzustellen. Aus diesem Grund arbeiten TODOS und die 11880 zusammen und bringen eine neue [&hellip;]<\/p>\n","protected":false},"author":4,"featured_media":0,"parent":0,"menu_order":0,"comment_status":"closed","ping_status":"closed","template":"","meta":{"_et_pb_use_builder":"on","_et_pb_old_content":"","_et_gb_content_width":"","footnotes":""},"class_list":["post-5188","page","type-page","status-publish","hentry"],"yoast_head":"<!-- This site is optimized with the Yoast SEO plugin v24.9 - https:\/\/yoast.com\/wordpress\/plugins\/seo\/ -->\n<title>\u00dcber Uns - Todos Consulting<\/title>\n<meta name=\"description\" content=\"Wir sind eine Gruppe von Kundenpflege-Evangelisten und Strategen, die davon profitieren, Erfahrungen und Wissen zu teilen, um Ihrem Unternehmen zum Erfolg zu verhelfen.\" \/>\n<meta name=\"robots\" content=\"index, follow, max-snippet:-1, max-image-preview:large, max-video-preview:-1\" \/>\n<link rel=\"canonical\" href=\"https:\/\/todosconsulting.com\/de\/ueber-uns\/\" \/>\n<meta property=\"og:locale\" content=\"de_DE\" \/>\n<meta property=\"og:type\" content=\"article\" \/>\n<meta property=\"og:title\" content=\"\u00dcber Uns - Todos Consulting\" \/>\n<meta property=\"og:description\" content=\"Wir sind eine Gruppe von Kundenpflege-Evangelisten und Strategen, die davon profitieren, Erfahrungen und Wissen zu teilen, um Ihrem Unternehmen zum Erfolg zu verhelfen.\" \/>\n<meta property=\"og:url\" content=\"https:\/\/todosconsulting.com\/de\/ueber-uns\/\" \/>\n<meta property=\"og:site_name\" content=\"Todos Consulting\" \/>\n<meta property=\"article:modified_time\" content=\"2024-12-09T12:25:20+00:00\" \/>\n<meta name=\"twitter:card\" content=\"summary_large_image\" \/>\n<meta name=\"twitter:title\" content=\"\u00dcber Uns - Todos Consulting\" \/>\n<meta name=\"twitter:description\" content=\"Wir sind eine Gruppe von Kundenpflege-Evangelisten und Strategen, die davon profitieren, Erfahrungen und Wissen zu teilen, um Ihrem Unternehmen zum Erfolg zu verhelfen.\" \/>\n<meta name=\"twitter:label1\" content=\"Gesch\u00e4tzte Lesezeit\" \/>\n\t<meta name=\"twitter:data1\" content=\"4\u00a0Minuten\" \/>\n<script type=\"application\/ld+json\" class=\"yoast-schema-graph\">{\"@context\":\"https:\/\/schema.org\",\"@graph\":[{\"@type\":\"WebPage\",\"@id\":\"https:\/\/todosconsulting.com\/de\/ueber-uns\/\",\"url\":\"https:\/\/todosconsulting.com\/de\/ueber-uns\/\",\"name\":\"\u00dcber Uns - Todos Consulting\",\"isPartOf\":{\"@id\":\"https:\/\/todosconsulting.com\/de\/#website\"},\"datePublished\":\"2021-09-29T12:22:44+00:00\",\"dateModified\":\"2024-12-09T12:25:20+00:00\",\"description\":\"Wir sind eine Gruppe von Kundenpflege-Evangelisten und Strategen, die davon profitieren, Erfahrungen und Wissen zu teilen, um Ihrem Unternehmen zum Erfolg zu verhelfen.\",\"breadcrumb\":{\"@id\":\"https:\/\/todosconsulting.com\/de\/ueber-uns\/#breadcrumb\"},\"inLanguage\":\"de\",\"potentialAction\":[{\"@type\":\"ReadAction\",\"target\":[\"https:\/\/todosconsulting.com\/de\/ueber-uns\/\"]}]},{\"@type\":\"BreadcrumbList\",\"@id\":\"https:\/\/todosconsulting.com\/de\/ueber-uns\/#breadcrumb\",\"itemListElement\":[{\"@type\":\"ListItem\",\"position\":1,\"name\":\"Home\",\"item\":\"https:\/\/todosconsulting.com\/de\/\"},{\"@type\":\"ListItem\",\"position\":2,\"name\":\"\u00dcBER UNS\"}]},{\"@type\":\"WebSite\",\"@id\":\"https:\/\/todosconsulting.com\/de\/#website\",\"url\":\"https:\/\/todosconsulting.com\/de\/\",\"name\":\"Todos Consulting\",\"description\":\"Website Description\",\"potentialAction\":[{\"@type\":\"SearchAction\",\"target\":{\"@type\":\"EntryPoint\",\"urlTemplate\":\"https:\/\/todosconsulting.com\/de\/?s={search_term_string}\"},\"query-input\":{\"@type\":\"PropertyValueSpecification\",\"valueRequired\":true,\"valueName\":\"search_term_string\"}}],\"inLanguage\":\"de\"}]}<\/script>\n<!-- \/ Yoast SEO plugin. -->","yoast_head_json":{"title":"\u00dcber Uns - Todos Consulting","description":"Wir sind eine Gruppe von Kundenpflege-Evangelisten und Strategen, die davon profitieren, Erfahrungen und Wissen zu teilen, um Ihrem Unternehmen zum Erfolg zu verhelfen.","robots":{"index":"index","follow":"follow","max-snippet":"max-snippet:-1","max-image-preview":"max-image-preview:large","max-video-preview":"max-video-preview:-1"},"canonical":"https:\/\/todosconsulting.com\/de\/ueber-uns\/","og_locale":"de_DE","og_type":"article","og_title":"\u00dcber Uns - Todos Consulting","og_description":"Wir sind eine Gruppe von Kundenpflege-Evangelisten und Strategen, die davon profitieren, Erfahrungen und Wissen zu teilen, um Ihrem Unternehmen zum Erfolg zu verhelfen.","og_url":"https:\/\/todosconsulting.com\/de\/ueber-uns\/","og_site_name":"Todos Consulting","article_modified_time":"2024-12-09T12:25:20+00:00","twitter_card":"summary_large_image","twitter_title":"\u00dcber Uns - Todos Consulting","twitter_description":"Wir sind eine Gruppe von Kundenpflege-Evangelisten und Strategen, die davon profitieren, Erfahrungen und Wissen zu teilen, um Ihrem Unternehmen zum Erfolg zu verhelfen.","twitter_misc":{"Gesch\u00e4tzte Lesezeit":"4\u00a0Minuten"},"schema":{"@context":"https:\/\/schema.org","@graph":[{"@type":"WebPage","@id":"https:\/\/todosconsulting.com\/de\/ueber-uns\/","url":"https:\/\/todosconsulting.com\/de\/ueber-uns\/","name":"\u00dcber Uns - Todos Consulting","isPartOf":{"@id":"https:\/\/todosconsulting.com\/de\/#website"},"datePublished":"2021-09-29T12:22:44+00:00","dateModified":"2024-12-09T12:25:20+00:00","description":"Wir sind eine Gruppe von Kundenpflege-Evangelisten und Strategen, die davon profitieren, Erfahrungen und Wissen zu teilen, um Ihrem Unternehmen zum Erfolg zu verhelfen.","breadcrumb":{"@id":"https:\/\/todosconsulting.com\/de\/ueber-uns\/#breadcrumb"},"inLanguage":"de","potentialAction":[{"@type":"ReadAction","target":["https:\/\/todosconsulting.com\/de\/ueber-uns\/"]}]},{"@type":"BreadcrumbList","@id":"https:\/\/todosconsulting.com\/de\/ueber-uns\/#breadcrumb","itemListElement":[{"@type":"ListItem","position":1,"name":"Home","item":"https:\/\/todosconsulting.com\/de\/"},{"@type":"ListItem","position":2,"name":"\u00dcBER UNS"}]},{"@type":"WebSite","@id":"https:\/\/todosconsulting.com\/de\/#website","url":"https:\/\/todosconsulting.com\/de\/","name":"Todos Consulting","description":"Website Description","potentialAction":[{"@type":"SearchAction","target":{"@type":"EntryPoint","urlTemplate":"https:\/\/todosconsulting.com\/de\/?s={search_term_string}"},"query-input":{"@type":"PropertyValueSpecification","valueRequired":true,"valueName":"search_term_string"}}],"inLanguage":"de"}]}},"_links":{"self":[{"href":"https:\/\/todosconsulting.com\/de\/wp-json\/wp\/v2\/pages\/5188","targetHints":{"allow":["GET"]}}],"collection":[{"href":"https:\/\/todosconsulting.com\/de\/wp-json\/wp\/v2\/pages"}],"about":[{"href":"https:\/\/todosconsulting.com\/de\/wp-json\/wp\/v2\/types\/page"}],"author":[{"embeddable":true,"href":"https:\/\/todosconsulting.com\/de\/wp-json\/wp\/v2\/users\/4"}],"replies":[{"embeddable":true,"href":"https:\/\/todosconsulting.com\/de\/wp-json\/wp\/v2\/comments?post=5188"}],"version-history":[{"count":52,"href":"https:\/\/todosconsulting.com\/de\/wp-json\/wp\/v2\/pages\/5188\/revisions"}],"predecessor-version":[{"id":6098,"href":"https:\/\/todosconsulting.com\/de\/wp-json\/wp\/v2\/pages\/5188\/revisions\/6098"}],"wp:attachment":[{"href":"https:\/\/todosconsulting.com\/de\/wp-json\/wp\/v2\/media?parent=5188"}],"curies":[{"name":"wp","href":"https:\/\/api.w.org\/{rel}","templated":true}]}}